{"id":125,"date":"2024-01-08T11:26:18","date_gmt":"2024-01-08T11:26:18","guid":{"rendered":"http:\/\/diyarbakirjenerator.com\/?page_id=125"},"modified":"2025-08-28T11:50:04","modified_gmt":"2025-08-28T08:50:04","slug":"jenerator-kiralama","status":"publish","type":"page","link":"https:\/\/diyarbakirjenerator.com\/en\/jenerator-kiralama\/","title":{"rendered":"Generator Rental"},"content":{"rendered":"<div data-elementor-type=\"wp-page\" data-elementor-id=\"125\" class=\"elementor elementor-125\">\n\t\t\t\t\t\t<section class=\"elementor-section elementor-top-section elementor-element elementor-element-b77897a elementor-section-boxed elementor-section-height-default elementor-section-height-default\" data-id=\"b77897a\" data-element_type=\"section\" data-settings=\"{&quot;background_background&quot;:&quot;classic&quot;}\">\n\t\t\t\t\t\t\t<div class=\"elementor-background-overlay\"><\/div>\n\t\t\t\t\t\t\t<div class=\"elementor-container elementor-column-gap-default\">\n\t\t\t\t\t<div class=\"elementor-column elementor-col-100 elementor-top-column elementor-element elementor-element-b13e28f\" data-id=\"b13e28f\" data-element_type=\"column\">\n\t\t\t<div class=\"elementor-widget-wrap elementor-element-populated\">\n\t\t\t\t\t\t<div class=\"elementor-element elementor-element-695588d rivax-align-center elementor-widget rivax-divider-heading-widget\" data-id=\"695588d\" data-element_type=\"widget\" data-widget_type=\"rivax-divider-heading.default\">\n\t\t\t\t<div class=\"elementor-widget-container\">\n\t\t\t\t\t<div class=\"rivax-divider-heading-wrap\">\r\n    <div class=\"rivax-divider-heading divider-style-12\">\r\n        <div class=\"divider divider-1\"><\/div>\r\n        <div class=\"divider divider-2\"><\/div>\r\n        <h2 class=\"title\">\r\n                <span class=\"title-inner\">\r\n            <span class=\"title-text\">\r\n                                GENERATOR RENTAL            <\/span>\r\n                    <\/span>\r\n            <\/h2>\r\n    <div class=\"divider divider-3\"><\/div>\r\n    <div class=\"divider divider-4\"><\/div>\r\n<\/div>\r\n<\/div>\r\n\r\n\t\t\t\t<\/div>\n\t\t\t\t<\/div>\n\t\t\t\t<div class=\"elementor-element elementor-element-ad046ee elementor-widget elementor-widget-heading\" data-id=\"ad046ee\" data-element_type=\"widget\" data-widget_type=\"heading.default\">\n\t\t\t\t<div class=\"elementor-widget-container\">\n\t\t\t\t\t<h2 class=\"elementor-heading-title elementor-size-default\">Home &gt; Our Services &gt; <strong style=\"color:#039240\">Generator Rental<\/strong><\/h2>\t\t\t\t<\/div>\n\t\t\t\t<\/div>\n\t\t\t\t\t<\/div>\n\t\t<\/div>\n\t\t\t\t\t<\/div>\n\t\t<\/section>\n\t\t<div class=\"elementor-element elementor-element-297cca5 e-flex e-con-boxed e-con e-parent\" data-id=\"297cca5\" data-element_type=\"container\">\n\t\t\t\t\t<div class=\"e-con-inner\">\n\t\t<div class=\"elementor-element elementor-element-a8db6eb e-con-full e-flex e-con e-child\" data-id=\"a8db6eb\" data-element_type=\"container\" data-settings=\"{&quot;background_background&quot;:&quot;classic&quot;}\">\n\t\t\t\t<div class=\"elementor-element elementor-element-f482ad3 elementor-widget elementor-widget-text-editor\" data-id=\"f482ad3\" data-element_type=\"widget\" data-widget_type=\"text-editor.default\">\n\t\t\t\t<div class=\"elementor-widget-container\">\n\t\t\t\t\t\t\t\t\t<p class=\"font_8 wixui-rich-text__text\">In recent years, frequent power outages have increased the need for generators, and since buying a new one is not always affordable, G\u00fc\u00e7bir Generator offers 20\u2013500 kWA gasoline or diesel generators for short- or long-term rental, installed by experts with 24\/7 technical support.<\/p><p>The generator rental service offered by G\u00fc\u00e7bir Generator continues to deliver generators with a power of 20 - 500 kWA.<\/p>\t\t\t\t\t\t\t\t<\/div>\n\t\t\t\t<\/div>\n\t\t\t\t<\/div>\n\t\t<div class=\"elementor-element elementor-element-c7a0ec8 e-con-full e-flex e-con e-child\" data-id=\"c7a0ec8\" data-element_type=\"container\">\n\t\t\t\t<div class=\"elementor-element elementor-element-a33fabf elementor-widget elementor-widget-image\" data-id=\"a33fabf\" data-element_type=\"widget\" data-widget_type=\"image.default\">\n\t\t\t\t<div class=\"elementor-widget-container\">\n\t\t\t\t\t\t\t\t\t\t\t\t\t\t\t<img fetchpriority=\"high\" decoding=\"async\" width=\"800\" height=\"614\" src=\"https:\/\/diyarbakirjenerator.com\/wp-content\/uploads\/2024\/01\/jene-kira-copy.webp\" class=\"attachment-large size-large wp-image-355\" alt=\"\" srcset=\"https:\/\/diyarbakirjenerator.com\/wp-content\/uploads\/2024\/01\/jene-kira-copy.webp 800w, https:\/\/diyarbakirjenerator.com\/wp-content\/uploads\/2024\/01\/jene-kira-copy-300x230.webp 300w, https:\/\/diyarbakirjenerator.com\/wp-content\/uploads\/2024\/01\/jene-kira-copy-768x589.webp 768w, https:\/\/diyarbakirjenerator.com\/wp-content\/uploads\/2024\/01\/jene-kira-copy-400x307.webp 400w, https:\/\/diyarbakirjenerator.com\/wp-content\/uploads\/2024\/01\/jene-kira-copy-700x537.webp 700w, https:\/\/diyarbakirjenerator.com\/wp-content\/uploads\/2024\/01\/jene-kira-copy-600x461.webp 600w\" sizes=\"(max-width: 800px) 100vw, 800px\" \/>\t\t\t\t\t\t\t\t\t\t\t\t\t\t\t<\/div>\n\t\t\t\t<\/div>\n\t\t\t\t<\/div>\n\t\t\t\t\t<\/div>\n\t\t\t\t<\/div>\n\t\t<div class=\"elementor-element elementor-element-cc59707 e-flex e-con-boxed e-con e-parent\" data-id=\"cc59707\" data-element_type=\"container\">\n\t\t\t\t\t<div class=\"e-con-inner\">\n\t\t<div class=\"elementor-element elementor-element-a9c2163 e-con-full e-flex e-con e-child\" data-id=\"a9c2163\" data-element_type=\"container\" data-settings=\"{&quot;background_background&quot;:&quot;classic&quot;}\">\n\t\t\t\t<div class=\"elementor-element elementor-element-11ada05 elementor-widget elementor-widget-heading\" data-id=\"11ada05\" data-element_type=\"widget\" data-widget_type=\"heading.default\">\n\t\t\t\t<div class=\"elementor-widget-container\">\n\t\t\t\t\t<h2 class=\"elementor-heading-title elementor-size-default\">\u279c Which Generators Does G\u00fc\u00e7bir Generator Rent?<\/h2>\t\t\t\t<\/div>\n\t\t\t\t<\/div>\n\t\t\t\t<div class=\"elementor-element elementor-element-529545a elementor-widget elementor-widget-text-editor\" data-id=\"529545a\" data-element_type=\"widget\" data-widget_type=\"text-editor.default\">\n\t\t\t\t<div class=\"elementor-widget-container\">\n\t\t\t\t\t\t\t\t\t<p class=\"font_8 wixui-rich-text__text\">Power by a generator, gasoline or\u00a0<strong>diesel generator<\/strong>\u00a0You have the opportunity to rent any of the types for as long as you want. In this direction, it will be sufficient to contact us for any of the products listed below.<\/p>\t\t\t\t\t\t\t\t<\/div>\n\t\t\t\t<\/div>\n\t\t<div class=\"elementor-element elementor-element-76655ec e-con-full e-flex e-con e-child\" data-id=\"76655ec\" data-element_type=\"container\">\n\t\t<div class=\"elementor-element elementor-element-2066f6a e-con-full e-flex e-con e-child\" data-id=\"2066f6a\" data-element_type=\"container\">\n\t\t\t\t<div class=\"elementor-element elementor-element-c54af27 elementor-widget elementor-widget-progress\" data-id=\"c54af27\" data-element_type=\"widget\" data-widget_type=\"progress.default\">\n\t\t\t\t<div class=\"elementor-widget-container\">\n\t\t\t\t\t\n\t\t<div class=\"elementor-progress-wrapper\" role=\"progressbar\" aria-valuemin=\"0\" aria-valuemax=\"100\" aria-valuenow=\"100\" aria-valuetext=\"100% (Kabinli veya Kabinsiz Jenerat\u00f6r)\">\n\t\t\t<div class=\"elementor-progress-bar\" data-max=\"100\">\n\t\t\t\t<span class=\"elementor-progress-text\">Generator with or without Cabin<\/span>\n\t\t\t\t\t\t\t<\/div>\n\t\t<\/div>\n\t\t\t\t\t\t<\/div>\n\t\t\t\t<\/div>\n\t\t\t\t<div class=\"elementor-element elementor-element-11beebb elementor-widget elementor-widget-progress\" data-id=\"11beebb\" data-element_type=\"widget\" data-widget_type=\"progress.default\">\n\t\t\t\t<div class=\"elementor-widget-container\">\n\t\t\t\t\t\n\t\t<div class=\"elementor-progress-wrapper\" role=\"progressbar\" aria-valuemin=\"0\" aria-valuemax=\"100\" aria-valuenow=\"100\" aria-valuetext=\"100% (Ara\u00e7 \u00dcst\u00fc Kiral\u0131k Jenerat\u00f6r)\">\n\t\t\t<div class=\"elementor-progress-bar\" data-max=\"100\">\n\t\t\t\t<span class=\"elementor-progress-text\">Truck Mounted Generator for Rent<\/span>\n\t\t\t\t\t\t\t<\/div>\n\t\t<\/div>\n\t\t\t\t\t\t<\/div>\n\t\t\t\t<\/div>\n\t\t\t\t<div class=\"elementor-element elementor-element-b466559 elementor-widget elementor-widget-progress\" data-id=\"b466559\" data-element_type=\"widget\" data-widget_type=\"progress.default\">\n\t\t\t\t<div class=\"elementor-widget-container\">\n\t\t\t\t\t\n\t\t<div class=\"elementor-progress-wrapper\" role=\"progressbar\" aria-valuemin=\"0\" aria-valuemax=\"100\" aria-valuenow=\"100\" aria-valuetext=\"100% (Ara\u00e7, Teknik Destek ve Kabinli Kiral\u0131k Jenerat\u00f6r)\">\n\t\t\t<div class=\"elementor-progress-bar\" data-max=\"100\">\n\t\t\t\t<span class=\"elementor-progress-text\">Vehicle, Technical Support and Rental Generator with Cabin<\/span>\n\t\t\t\t\t\t\t<\/div>\n\t\t<\/div>\n\t\t\t\t\t\t<\/div>\n\t\t\t\t<\/div>\n\t\t\t\t<\/div>\n\t\t<div class=\"elementor-element elementor-element-f6a6f52 e-con-full e-flex e-con e-child\" data-id=\"f6a6f52\" data-element_type=\"container\">\n\t\t\t\t<div class=\"elementor-element elementor-element-37c76ad elementor-widget elementor-widget-progress\" data-id=\"37c76ad\" data-element_type=\"widget\" data-widget_type=\"progress.default\">\n\t\t\t\t<div class=\"elementor-widget-container\">\n\t\t\t\t\t\n\t\t<div class=\"elementor-progress-wrapper\" role=\"progressbar\" aria-valuemin=\"0\" aria-valuemax=\"100\" aria-valuenow=\"100\" aria-valuetext=\"100% (\u0130ste\u011fe Ba\u011fl\u0131 K\u0131sa ve Uzun S\u00fcreli Jenerat\u00f6r)\">\n\t\t\t<div class=\"elementor-progress-bar\" data-max=\"100\">\n\t\t\t\t<span class=\"elementor-progress-text\">On Demand Short and Long Term Generator<\/span>\n\t\t\t\t\t\t\t<\/div>\n\t\t<\/div>\n\t\t\t\t\t\t<\/div>\n\t\t\t\t<\/div>\n\t\t\t\t<div class=\"elementor-element elementor-element-fd5c9a2 elementor-widget elementor-widget-progress\" data-id=\"fd5c9a2\" data-element_type=\"widget\" data-widget_type=\"progress.default\">\n\t\t\t\t<div class=\"elementor-widget-container\">\n\t\t\t\t\t\n\t\t<div class=\"elementor-progress-wrapper\" role=\"progressbar\" aria-valuemin=\"0\" aria-valuemax=\"100\" aria-valuenow=\"100\" aria-valuetext=\"100% (Ara\u00e7 \u00dcst\u00fc Kabinli Kiral\u0131k Jenerat\u00f6r)\">\n\t\t\t<div class=\"elementor-progress-bar\" data-max=\"100\">\n\t\t\t\t<span class=\"elementor-progress-text\">Truck Mounted Cabin Generator for Rent<\/span>\n\t\t\t\t\t\t\t<\/div>\n\t\t<\/div>\n\t\t\t\t\t\t<\/div>\n\t\t\t\t<\/div>\n\t\t\t\t<\/div>\n\t\t\t\t<\/div>\n\t\t\t\t<\/div>\n\t\t\t\t\t<\/div>\n\t\t\t\t<\/div>\n\t\t<div class=\"elementor-element elementor-element-ee69f7b e-flex e-con-boxed e-con e-parent\" data-id=\"ee69f7b\" data-element_type=\"container\">\n\t\t\t\t\t<div class=\"e-con-inner\">\n\t\t<div class=\"elementor-element elementor-element-9c22264 e-con-full e-flex e-con e-child\" data-id=\"9c22264\" data-element_type=\"container\" data-settings=\"{&quot;background_background&quot;:&quot;classic&quot;}\">\n\t\t\t\t<div class=\"elementor-element elementor-element-f897831 elementor-widget elementor-widget-text-editor\" data-id=\"f897831\" data-element_type=\"widget\" data-widget_type=\"text-editor.default\">\n\t\t\t\t<div class=\"elementor-widget-container\">\n\t\t\t\t\t\t\t\t\t<p class=\"font_8 wixui-rich-text__text\">If you rent any of them, our installations will be made by our experienced staff who have been serving this sector for years. At the same time, you will be given instructions about the service you receive and you will be able to perform your usage process in line with these instructions without causing any damage. You should know that you will be offered technical support by our company, except for the fee, and thanks to this technical support, you can get the necessary help from our team who knows the generators in the best way in the slightest malfunction.<\/p>\t\t\t\t\t\t\t\t<\/div>\n\t\t\t\t<\/div>\n\t\t\t\t<\/div>\n\t\t\t\t\t<\/div>\n\t\t\t\t<\/div>\n\t\t\t\t<\/div>","protected":false},"excerpt":{"rendered":"<p>JENERAT\u00d6R K\u0130RALAMA Ana Sayfa &gt; Hizmetlerimiz &gt; Jenerat\u00f6r Kiralama Son y\u0131llarda artan elektrik kesintileri nedeniyle jenerat\u00f6r kullan\u0131m\u0131 yayg\u0131nla\u015fm\u0131\u015f, ancak yeni jenerat\u00f6r sat\u0131n almak her b\u00fct\u00e7eye uygun olmad\u0131\u011f\u0131ndan G\u00fc\u00e7bir Jenerat\u00f6r, 20\u2013500 kWA aras\u0131 benzinli veya dizel jenerat\u00f6rleri k\u0131sa ya da uzun s\u00fcreli kiralama imk\u00e2n\u0131 sunmaktad\u0131r. Kabinli, kabinsiz veya ara\u00e7 \u00fcst\u00fc se\u00e7enekleri bulunan jenerat\u00f6rler, deneyimli ekip taraf\u0131ndan [&hellip;]<\/p>","protected":false},"author":1,"featured_media":0,"parent":0,"menu_order":0,"comment_status":"closed","ping_status":"closed","template":"elementor_header_footer","meta":{"_themeisle_gutenberg_block_has_review":false,"footnotes":""},"class_list":["post-125","page","type-page","status-publish","hentry"],"yoast_head":"<!-- This site is optimized with the Yoast SEO plugin v25.8 - https:\/\/yoast.com\/wordpress\/plugins\/seo\/ -->\n<title>Jenerat\u00f6r Kiralama - Diyarbak\u0131r Jenerat&ouml;r<\/title>\n<meta name=\"description\" content=\"Dizel Jenerat\u00f6r, Portatif Benzinli ve Dizel Jenerat\u00f6r, \u0130kinci El Jenerat\u00f6r, I\u015f\u0131kl\u0131 Jenerat\u00f6r, R\u00f6morklu Jenerat\u00f6r Senkronizasyon Panolar\u0131\" \/>\n<meta name=\"robots\" content=\"index, follow, max-snippet:-1, max-image-preview:large, max-video-preview:-1\" \/>\n<link rel=\"canonical\" href=\"https:\/\/diyarbakirjenerator.com\/en\/jenerator-kiralama\/\" \/>\n<meta property=\"og:locale\" content=\"en_US\" \/>\n<meta property=\"og:type\" content=\"article\" \/>\n<meta property=\"og:title\" content=\"Jenerat\u00f6r Kiralama - Diyarbak\u0131r Jenerat&ouml;r\" \/>\n<meta property=\"og:description\" content=\"Dizel Jenerat\u00f6r, Portatif Benzinli ve Dizel Jenerat\u00f6r, \u0130kinci El Jenerat\u00f6r, I\u015f\u0131kl\u0131 Jenerat\u00f6r, R\u00f6morklu Jenerat\u00f6r Senkronizasyon Panolar\u0131\" \/>\n<meta property=\"og:url\" content=\"https:\/\/diyarbakirjenerator.com\/en\/jenerator-kiralama\/\" \/>\n<meta property=\"og:site_name\" content=\"Diyarbak\u0131r Jenerat&ouml;r\" \/>\n<meta property=\"article:modified_time\" content=\"2025-08-28T08:50:04+00:00\" \/>\n<meta property=\"og:image\" content=\"http:\/\/diyarbakirjenerator.com\/wp-content\/uploads\/2024\/01\/jene-kira-copy.webp\" \/>\n<meta name=\"twitter:card\" content=\"summary_large_image\" \/>\n<meta name=\"twitter:label1\" content=\"Est. reading time\" \/>\n\t<meta name=\"twitter:data1\" content=\"2 minutes\" \/>\n<script type=\"application\/ld+json\" class=\"yoast-schema-graph\">{\"@context\":\"https:\/\/schema.org\",\"@graph\":[{\"@type\":\"WebPage\",\"@id\":\"https:\/\/diyarbakirjenerator.com\/jenerator-kiralama\/\",\"url\":\"https:\/\/diyarbakirjenerator.com\/jenerator-kiralama\/\",\"name\":\"Jenerat\u00f6r Kiralama - Diyarbak\u0131r Jenerat&ouml;r\",\"isPartOf\":{\"@id\":\"https:\/\/diyarbakirjenerator.com\/#website\"},\"primaryImageOfPage\":{\"@id\":\"https:\/\/diyarbakirjenerator.com\/jenerator-kiralama\/#primaryimage\"},\"image\":{\"@id\":\"https:\/\/diyarbakirjenerator.com\/jenerator-kiralama\/#primaryimage\"},\"thumbnailUrl\":\"http:\/\/diyarbakirjenerator.com\/wp-content\/uploads\/2024\/01\/jene-kira-copy.webp\",\"datePublished\":\"2024-01-08T11:26:18+00:00\",\"dateModified\":\"2025-08-28T08:50:04+00:00\",\"description\":\"Dizel Jenerat\u00f6r, Portatif Benzinli ve Dizel Jenerat\u00f6r, \u0130kinci El Jenerat\u00f6r, I\u015f\u0131kl\u0131 Jenerat\u00f6r, R\u00f6morklu Jenerat\u00f6r Senkronizasyon Panolar\u0131\",\"breadcrumb\":{\"@id\":\"https:\/\/diyarbakirjenerator.com\/jenerator-kiralama\/#breadcrumb\"},\"inLanguage\":\"en-US\",\"potentialAction\":[{\"@type\":\"ReadAction\",\"target\":[\"https:\/\/diyarbakirjenerator.com\/jenerator-kiralama\/\"]}]},{\"@type\":\"ImageObject\",\"inLanguage\":\"en-US\",\"@id\":\"https:\/\/diyarbakirjenerator.com\/jenerator-kiralama\/#primaryimage\",\"url\":\"http:\/\/diyarbakirjenerator.com\/wp-content\/uploads\/2024\/01\/jene-kira-copy.webp\",\"contentUrl\":\"http:\/\/diyarbakirjenerator.com\/wp-content\/uploads\/2024\/01\/jene-kira-copy.webp\"},{\"@type\":\"BreadcrumbList\",\"@id\":\"https:\/\/diyarbakirjenerator.com\/jenerator-kiralama\/#breadcrumb\",\"itemListElement\":[{\"@type\":\"ListItem\",\"position\":1,\"name\":\"Anasayfa\",\"item\":\"https:\/\/diyarbakirjenerator.com\/\"},{\"@type\":\"ListItem\",\"position\":2,\"name\":\"Jenerat\u00f6r Kiralama\"}]},{\"@type\":\"WebSite\",\"@id\":\"https:\/\/diyarbakirjenerator.com\/#website\",\"url\":\"https:\/\/diyarbakirjenerator.com\/\",\"name\":\"Diyarbak\u0131r Jenerat&ouml;r\",\"description\":\"Dizel ve Benzinli Jenerat&ouml;r Fiyat ve &Ccedil;e\u015fitleri\",\"potentialAction\":[{\"@type\":\"SearchAction\",\"target\":{\"@type\":\"EntryPoint\",\"urlTemplate\":\"https:\/\/diyarbakirjenerator.com\/?s={search_term_string}\"},\"query-input\":{\"@type\":\"PropertyValueSpecification\",\"valueRequired\":true,\"valueName\":\"search_term_string\"}}],\"inLanguage\":\"en-US\"}]}<\/script>\n<!-- \/ Yoast SEO plugin. -->","yoast_head_json":{"title":"Jenerat\u00f6r Kiralama - Diyarbak\u0131r Jenerat&ouml;r","description":"Diesel Generator, Portable Gasoline and Diesel Generator, Second Hand Generator, Lighted Generator, Trailer Generator Synchronization Panels","robots":{"index":"index","follow":"follow","max-snippet":"max-snippet:-1","max-image-preview":"max-image-preview:large","max-video-preview":"max-video-preview:-1"},"canonical":"https:\/\/diyarbakirjenerator.com\/en\/jenerator-kiralama\/","og_locale":"en_US","og_type":"article","og_title":"Jenerat\u00f6r Kiralama - Diyarbak\u0131r Jenerat&ouml;r","og_description":"Dizel Jenerat\u00f6r, Portatif Benzinli ve Dizel Jenerat\u00f6r, \u0130kinci El Jenerat\u00f6r, I\u015f\u0131kl\u0131 Jenerat\u00f6r, R\u00f6morklu Jenerat\u00f6r Senkronizasyon Panolar\u0131","og_url":"https:\/\/diyarbakirjenerator.com\/en\/jenerator-kiralama\/","og_site_name":"Diyarbak\u0131r Jenerat&ouml;r","article_modified_time":"2025-08-28T08:50:04+00:00","og_image":[{"url":"http:\/\/diyarbakirjenerator.com\/wp-content\/uploads\/2024\/01\/jene-kira-copy.webp","type":"","width":"","height":""}],"twitter_card":"summary_large_image","twitter_misc":{"Est. reading time":"2 minutes"},"schema":{"@context":"https:\/\/schema.org","@graph":[{"@type":"WebPage","@id":"https:\/\/diyarbakirjenerator.com\/jenerator-kiralama\/","url":"https:\/\/diyarbakirjenerator.com\/jenerator-kiralama\/","name":"Jenerat\u00f6r Kiralama - Diyarbak\u0131r Jenerat&ouml;r","isPartOf":{"@id":"https:\/\/diyarbakirjenerator.com\/#website"},"primaryImageOfPage":{"@id":"https:\/\/diyarbakirjenerator.com\/jenerator-kiralama\/#primaryimage"},"image":{"@id":"https:\/\/diyarbakirjenerator.com\/jenerator-kiralama\/#primaryimage"},"thumbnailUrl":"http:\/\/diyarbakirjenerator.com\/wp-content\/uploads\/2024\/01\/jene-kira-copy.webp","datePublished":"2024-01-08T11:26:18+00:00","dateModified":"2025-08-28T08:50:04+00:00","description":"Diesel Generator, Portable Gasoline and Diesel Generator, Second Hand Generator, Lighted Generator, Trailer Generator Synchronization Panels","breadcrumb":{"@id":"https:\/\/diyarbakirjenerator.com\/jenerator-kiralama\/#breadcrumb"},"inLanguage":"en-US","potentialAction":[{"@type":"ReadAction","target":["https:\/\/diyarbakirjenerator.com\/jenerator-kiralama\/"]}]},{"@type":"ImageObject","inLanguage":"en-US","@id":"https:\/\/diyarbakirjenerator.com\/jenerator-kiralama\/#primaryimage","url":"http:\/\/diyarbakirjenerator.com\/wp-content\/uploads\/2024\/01\/jene-kira-copy.webp","contentUrl":"http:\/\/diyarbakirjenerator.com\/wp-content\/uploads\/2024\/01\/jene-kira-copy.webp"},{"@type":"BreadcrumbList","@id":"https:\/\/diyarbakirjenerator.com\/jenerator-kiralama\/#breadcrumb","itemListElement":[{"@type":"ListItem","position":1,"name":"Anasayfa","item":"https:\/\/diyarbakirjenerator.com\/"},{"@type":"ListItem","position":2,"name":"Jenerat\u00f6r Kiralama"}]},{"@type":"WebSite","@id":"https:\/\/diyarbakirjenerator.com\/#website","url":"https:\/\/diyarbakirjenerator.com\/","name":"Diyarbakir Generator","description":"Diesel and Gasoline Generator Prices and Types","potentialAction":[{"@type":"SearchAction","target":{"@type":"EntryPoint","urlTemplate":"https:\/\/diyarbakirjenerator.com\/?s={search_term_string}"},"query-input":{"@type":"PropertyValueSpecification","valueRequired":true,"valueName":"search_term_string"}}],"inLanguage":"en-US"}]}},"_links":{"self":[{"href":"https:\/\/diyarbakirjenerator.com\/en\/wp-json\/wp\/v2\/pages\/125","targetHints":{"allow":["GET"]}}],"collection":[{"href":"https:\/\/diyarbakirjenerator.com\/en\/wp-json\/wp\/v2\/pages"}],"about":[{"href":"https:\/\/diyarbakirjenerator.com\/en\/wp-json\/wp\/v2\/types\/page"}],"author":[{"embeddable":true,"href":"https:\/\/diyarbakirjenerator.com\/en\/wp-json\/wp\/v2\/users\/1"}],"replies":[{"embeddable":true,"href":"https:\/\/diyarbakirjenerator.com\/en\/wp-json\/wp\/v2\/comments?post=125"}],"version-history":[{"count":34,"href":"https:\/\/diyarbakirjenerator.com\/en\/wp-json\/wp\/v2\/pages\/125\/revisions"}],"predecessor-version":[{"id":1473,"href":"https:\/\/diyarbakirjenerator.com\/en\/wp-json\/wp\/v2\/pages\/125\/revisions\/1473"}],"wp:attachment":[{"href":"https:\/\/diyarbakirjenerator.com\/en\/wp-json\/wp\/v2\/media?parent=125"}],"curies":[{"name":"wp","href":"https:\/\/api.w.org\/{rel}","templated":true}]}}