{"id":138,"date":"2024-01-08T11:45:54","date_gmt":"2024-01-08T11:45:54","guid":{"rendered":"http:\/\/diyarbakirjenerator.com\/?page_id=138"},"modified":"2025-08-28T11:52:52","modified_gmt":"2025-08-28T08:52:52","slug":"guc-ve-yer-tespiti","status":"publish","type":"page","link":"https:\/\/diyarbakirjenerator.com\/en\/guc-ve-yer-tespiti\/","title":{"rendered":"Power and Location"},"content":{"rendered":"<div data-elementor-type=\"wp-page\" data-elementor-id=\"138\" class=\"elementor elementor-138\">\n\t\t\t\t\t\t<section class=\"elementor-section elementor-top-section elementor-element elementor-element-b77897a elementor-section-boxed elementor-section-height-default elementor-section-height-default\" data-id=\"b77897a\" data-element_type=\"section\" data-settings=\"{&quot;background_background&quot;:&quot;classic&quot;}\">\n\t\t\t\t\t\t\t<div class=\"elementor-background-overlay\"><\/div>\n\t\t\t\t\t\t\t<div class=\"elementor-container elementor-column-gap-default\">\n\t\t\t\t\t<div class=\"elementor-column elementor-col-100 elementor-top-column elementor-element elementor-element-b13e28f\" data-id=\"b13e28f\" data-element_type=\"column\">\n\t\t\t<div class=\"elementor-widget-wrap elementor-element-populated\">\n\t\t\t\t\t\t<div class=\"elementor-element elementor-element-695588d rivax-align-center elementor-widget rivax-divider-heading-widget\" data-id=\"695588d\" data-element_type=\"widget\" data-widget_type=\"rivax-divider-heading.default\">\n\t\t\t\t<div class=\"elementor-widget-container\">\n\t\t\t\t\t<div class=\"rivax-divider-heading-wrap\">\r\n    <div class=\"rivax-divider-heading divider-style-12\">\r\n        <div class=\"divider divider-1\"><\/div>\r\n        <div class=\"divider divider-2\"><\/div>\r\n        <h2 class=\"title\">\r\n                <span class=\"title-inner\">\r\n            <span class=\"title-text\">\r\n                                POWER AND LOCATION            <\/span>\r\n                    <\/span>\r\n            <\/h2>\r\n    <div class=\"divider divider-3\"><\/div>\r\n    <div class=\"divider divider-4\"><\/div>\r\n<\/div>\r\n<\/div>\r\n\r\n\t\t\t\t<\/div>\n\t\t\t\t<\/div>\n\t\t\t\t<div class=\"elementor-element elementor-element-ad046ee elementor-widget elementor-widget-heading\" data-id=\"ad046ee\" data-element_type=\"widget\" data-widget_type=\"heading.default\">\n\t\t\t\t<div class=\"elementor-widget-container\">\n\t\t\t\t\t<h2 class=\"elementor-heading-title elementor-size-default\">Home &gt; Our Services &gt; <strong style=\"color:#039240\">Power and Location<\/strong><\/h2>\t\t\t\t<\/div>\n\t\t\t\t<\/div>\n\t\t\t\t\t<\/div>\n\t\t<\/div>\n\t\t\t\t\t<\/div>\n\t\t<\/section>\n\t\t<div class=\"elementor-element elementor-element-4e0a446 e-flex e-con-boxed e-con e-parent\" data-id=\"4e0a446\" data-element_type=\"container\">\n\t\t\t\t\t<div class=\"e-con-inner\">\n\t\t<div class=\"elementor-element elementor-element-9fc2350 e-con-full e-flex e-con e-child\" data-id=\"9fc2350\" data-element_type=\"container\" data-settings=\"{&quot;background_background&quot;:&quot;classic&quot;}\">\n\t\t\t\t<div class=\"elementor-element elementor-element-9ad56a9 elementor-widget elementor-widget-text-editor\" data-id=\"9ad56a9\" data-element_type=\"widget\" data-widget_type=\"text-editor.default\">\n\t\t\t\t<div class=\"elementor-widget-container\">\n\t\t\t\t\t\t\t\t\t<p class=\"font_8 wixui-rich-text__text\">Determination by experts before purchasing a generator is important for the correct generator selection. In this discovery, the place where the generator will be placed is analyzed and determined from different angles together with the generator user. In this analysis, factors such as air intake, air throw, noise, vibration, crane cost, ease of service and maintenance, cable cost are discussed with the user in order for the generator to work efficiently. Regarding the power of the generator, the power of the user is measured and calculated with measuring devices, taking into account factors such as demurrage, electric motor loads, active reactip loads, UPS, regulator, compensation. Where power and location are determined, our company can also provide turnkey prices.<\/p>\t\t\t\t\t\t\t\t<\/div>\n\t\t\t\t<\/div>\n\t\t\t\t<\/div>\n\t\t<div class=\"elementor-element elementor-element-4d6dd09 e-con-full e-flex e-con e-child\" data-id=\"4d6dd09\" data-element_type=\"container\">\n\t\t\t\t<div class=\"elementor-element elementor-element-4c0c273 elementor-widget elementor-widget-image\" data-id=\"4c0c273\" data-element_type=\"widget\" data-widget_type=\"image.default\">\n\t\t\t\t<div class=\"elementor-widget-container\">\n\t\t\t\t\t\t\t\t\t\t\t\t\t\t\t<img fetchpriority=\"high\" decoding=\"async\" width=\"800\" height=\"600\" src=\"https:\/\/diyarbakirjenerator.com\/wp-content\/uploads\/2025\/08\/guctes.webp\" class=\"attachment-large size-large wp-image-1477\" alt=\"\" srcset=\"https:\/\/diyarbakirjenerator.com\/wp-content\/uploads\/2025\/08\/guctes.webp 800w, https:\/\/diyarbakirjenerator.com\/wp-content\/uploads\/2025\/08\/guctes-300x225.webp 300w, https:\/\/diyarbakirjenerator.com\/wp-content\/uploads\/2025\/08\/guctes-768x576.webp 768w, https:\/\/diyarbakirjenerator.com\/wp-content\/uploads\/2025\/08\/guctes-16x12.webp 16w, https:\/\/diyarbakirjenerator.com\/wp-content\/uploads\/2025\/08\/guctes-400x300.webp 400w, https:\/\/diyarbakirjenerator.com\/wp-content\/uploads\/2025\/08\/guctes-700x525.webp 700w, https:\/\/diyarbakirjenerator.com\/wp-content\/uploads\/2025\/08\/guctes-600x450.webp 600w\" sizes=\"(max-width: 800px) 100vw, 800px\" \/>\t\t\t\t\t\t\t\t\t\t\t\t\t\t\t<\/div>\n\t\t\t\t<\/div>\n\t\t\t\t<\/div>\n\t\t\t\t\t<\/div>\n\t\t\t\t<\/div>\n\t\t\t\t<\/div>","protected":false},"excerpt":{"rendered":"<p>G\u00dc\u00c7 VE YER TESP\u0130T\u0130 Ana Sayfa &gt; Hizmetlerimiz &gt; G\u00fc\u00e7 ve Yer Tespiti Jenerat\u00f6r sat\u0131n almadan \u00f6nce uzman ki\u015filerce g\u00fc\u00e7 ve yer tespiti yap\u0131lmas\u0131, do\u011fru jenerat\u00f6r se\u00e7imi a\u00e7\u0131s\u0131ndan \u00f6nem arz etmektedir. Bu ke\u015fifte jenerat\u00f6r\u00fcn konulaca\u011f\u0131 yer jenerat\u00f6r kullan\u0131c\u0131s\u0131 ile birlikte farkl\u0131 a\u00e7\u0131lar ile analiz edilip belirlenir. Bu analizde jenerat\u00f6r\u00fcn performansl\u0131 \u00e7al\u0131\u015fabilmesi i\u00e7in hava al\u0131\u015f, hava [&hellip;]<\/p>","protected":false},"author":1,"featured_media":0,"parent":0,"menu_order":0,"comment_status":"closed","ping_status":"closed","template":"elementor_header_footer","meta":{"_themeisle_gutenberg_block_has_review":false,"footnotes":""},"class_list":["post-138","page","type-page","status-publish","hentry"],"yoast_head":"<!-- This site is optimized with the Yoast SEO plugin v25.8 - https:\/\/yoast.com\/wordpress\/plugins\/seo\/ -->\n<title>G\u00fc\u00e7 ve Yer Tespiti - Diyarbak\u0131r Jenerat&ouml;r<\/title>\n<meta name=\"description\" content=\"Dizel Jenerat\u00f6r, Portatif Benzinli ve Dizel Jenerat\u00f6r, \u0130kinci El Jenerat\u00f6r, I\u015f\u0131kl\u0131 Jenerat\u00f6r, R\u00f6morklu Jenerat\u00f6r Senkronizasyon Panolar\u0131\" \/>\n<meta name=\"robots\" content=\"index, follow, max-snippet:-1, max-image-preview:large, max-video-preview:-1\" \/>\n<link rel=\"canonical\" href=\"https:\/\/diyarbakirjenerator.com\/en\/guc-ve-yer-tespiti\/\" \/>\n<meta property=\"og:locale\" content=\"en_US\" \/>\n<meta property=\"og:type\" content=\"article\" \/>\n<meta property=\"og:title\" content=\"G\u00fc\u00e7 ve Yer Tespiti - Diyarbak\u0131r Jenerat&ouml;r\" \/>\n<meta property=\"og:description\" content=\"Dizel Jenerat\u00f6r, Portatif Benzinli ve Dizel Jenerat\u00f6r, \u0130kinci El Jenerat\u00f6r, I\u015f\u0131kl\u0131 Jenerat\u00f6r, R\u00f6morklu Jenerat\u00f6r Senkronizasyon Panolar\u0131\" \/>\n<meta property=\"og:url\" content=\"https:\/\/diyarbakirjenerator.com\/en\/guc-ve-yer-tespiti\/\" \/>\n<meta property=\"og:site_name\" content=\"Diyarbak\u0131r Jenerat&ouml;r\" \/>\n<meta property=\"article:modified_time\" content=\"2025-08-28T08:52:52+00:00\" \/>\n<meta property=\"og:image\" content=\"http:\/\/diyarbakirjenerator.com\/wp-content\/uploads\/2025\/08\/guctes.webp\" \/>\n<meta name=\"twitter:card\" content=\"summary_large_image\" \/>\n<meta name=\"twitter:label1\" content=\"Est. reading time\" \/>\n\t<meta name=\"twitter:data1\" content=\"1 minute\" \/>\n<script type=\"application\/ld+json\" class=\"yoast-schema-graph\">{\"@context\":\"https:\/\/schema.org\",\"@graph\":[{\"@type\":\"WebPage\",\"@id\":\"https:\/\/diyarbakirjenerator.com\/guc-ve-yer-tespiti\/\",\"url\":\"https:\/\/diyarbakirjenerator.com\/guc-ve-yer-tespiti\/\",\"name\":\"G\u00fc\u00e7 ve Yer Tespiti - Diyarbak\u0131r Jenerat&ouml;r\",\"isPartOf\":{\"@id\":\"https:\/\/diyarbakirjenerator.com\/#website\"},\"primaryImageOfPage\":{\"@id\":\"https:\/\/diyarbakirjenerator.com\/guc-ve-yer-tespiti\/#primaryimage\"},\"image\":{\"@id\":\"https:\/\/diyarbakirjenerator.com\/guc-ve-yer-tespiti\/#primaryimage\"},\"thumbnailUrl\":\"http:\/\/diyarbakirjenerator.com\/wp-content\/uploads\/2025\/08\/guctes.webp\",\"datePublished\":\"2024-01-08T11:45:54+00:00\",\"dateModified\":\"2025-08-28T08:52:52+00:00\",\"description\":\"Dizel Jenerat\u00f6r, Portatif Benzinli ve Dizel Jenerat\u00f6r, \u0130kinci El Jenerat\u00f6r, I\u015f\u0131kl\u0131 Jenerat\u00f6r, R\u00f6morklu Jenerat\u00f6r Senkronizasyon Panolar\u0131\",\"breadcrumb\":{\"@id\":\"https:\/\/diyarbakirjenerator.com\/guc-ve-yer-tespiti\/#breadcrumb\"},\"inLanguage\":\"en-US\",\"potentialAction\":[{\"@type\":\"ReadAction\",\"target\":[\"https:\/\/diyarbakirjenerator.com\/guc-ve-yer-tespiti\/\"]}]},{\"@type\":\"ImageObject\",\"inLanguage\":\"en-US\",\"@id\":\"https:\/\/diyarbakirjenerator.com\/guc-ve-yer-tespiti\/#primaryimage\",\"url\":\"http:\/\/diyarbakirjenerator.com\/wp-content\/uploads\/2025\/08\/guctes.webp\",\"contentUrl\":\"http:\/\/diyarbakirjenerator.com\/wp-content\/uploads\/2025\/08\/guctes.webp\"},{\"@type\":\"BreadcrumbList\",\"@id\":\"https:\/\/diyarbakirjenerator.com\/guc-ve-yer-tespiti\/#breadcrumb\",\"itemListElement\":[{\"@type\":\"ListItem\",\"position\":1,\"name\":\"Anasayfa\",\"item\":\"https:\/\/diyarbakirjenerator.com\/\"},{\"@type\":\"ListItem\",\"position\":2,\"name\":\"G\u00fc\u00e7 ve Yer Tespiti\"}]},{\"@type\":\"WebSite\",\"@id\":\"https:\/\/diyarbakirjenerator.com\/#website\",\"url\":\"https:\/\/diyarbakirjenerator.com\/\",\"name\":\"Diyarbak\u0131r Jenerat&ouml;r\",\"description\":\"Dizel ve Benzinli Jenerat&ouml;r Fiyat ve &Ccedil;e\u015fitleri\",\"potentialAction\":[{\"@type\":\"SearchAction\",\"target\":{\"@type\":\"EntryPoint\",\"urlTemplate\":\"https:\/\/diyarbakirjenerator.com\/?s={search_term_string}\"},\"query-input\":{\"@type\":\"PropertyValueSpecification\",\"valueRequired\":true,\"valueName\":\"search_term_string\"}}],\"inLanguage\":\"en-US\"}]}<\/script>\n<!-- \/ Yoast SEO plugin. -->","yoast_head_json":{"title":"G\u00fc\u00e7 ve Yer Tespiti - Diyarbak\u0131r Jenerat&ouml;r","description":"Diesel Generator, Portable Gasoline and Diesel Generator, Second Hand Generator, Lighted Generator, Trailer Generator Synchronization Panels","robots":{"index":"index","follow":"follow","max-snippet":"max-snippet:-1","max-image-preview":"max-image-preview:large","max-video-preview":"max-video-preview:-1"},"canonical":"https:\/\/diyarbakirjenerator.com\/en\/guc-ve-yer-tespiti\/","og_locale":"en_US","og_type":"article","og_title":"G\u00fc\u00e7 ve Yer Tespiti - Diyarbak\u0131r Jenerat&ouml;r","og_description":"Dizel Jenerat\u00f6r, Portatif Benzinli ve Dizel Jenerat\u00f6r, \u0130kinci El Jenerat\u00f6r, I\u015f\u0131kl\u0131 Jenerat\u00f6r, R\u00f6morklu Jenerat\u00f6r Senkronizasyon Panolar\u0131","og_url":"https:\/\/diyarbakirjenerator.com\/en\/guc-ve-yer-tespiti\/","og_site_name":"Diyarbak\u0131r Jenerat&ouml;r","article_modified_time":"2025-08-28T08:52:52+00:00","og_image":[{"url":"http:\/\/diyarbakirjenerator.com\/wp-content\/uploads\/2025\/08\/guctes.webp","type":"","width":"","height":""}],"twitter_card":"summary_large_image","twitter_misc":{"Est. reading time":"1 minute"},"schema":{"@context":"https:\/\/schema.org","@graph":[{"@type":"WebPage","@id":"https:\/\/diyarbakirjenerator.com\/guc-ve-yer-tespiti\/","url":"https:\/\/diyarbakirjenerator.com\/guc-ve-yer-tespiti\/","name":"G\u00fc\u00e7 ve Yer Tespiti - Diyarbak\u0131r Jenerat&ouml;r","isPartOf":{"@id":"https:\/\/diyarbakirjenerator.com\/#website"},"primaryImageOfPage":{"@id":"https:\/\/diyarbakirjenerator.com\/guc-ve-yer-tespiti\/#primaryimage"},"image":{"@id":"https:\/\/diyarbakirjenerator.com\/guc-ve-yer-tespiti\/#primaryimage"},"thumbnailUrl":"http:\/\/diyarbakirjenerator.com\/wp-content\/uploads\/2025\/08\/guctes.webp","datePublished":"2024-01-08T11:45:54+00:00","dateModified":"2025-08-28T08:52:52+00:00","description":"Diesel Generator, Portable Gasoline and Diesel Generator, Second Hand Generator, Lighted Generator, Trailer Generator Synchronization Panels","breadcrumb":{"@id":"https:\/\/diyarbakirjenerator.com\/guc-ve-yer-tespiti\/#breadcrumb"},"inLanguage":"en-US","potentialAction":[{"@type":"ReadAction","target":["https:\/\/diyarbakirjenerator.com\/guc-ve-yer-tespiti\/"]}]},{"@type":"ImageObject","inLanguage":"en-US","@id":"https:\/\/diyarbakirjenerator.com\/guc-ve-yer-tespiti\/#primaryimage","url":"http:\/\/diyarbakirjenerator.com\/wp-content\/uploads\/2025\/08\/guctes.webp","contentUrl":"http:\/\/diyarbakirjenerator.com\/wp-content\/uploads\/2025\/08\/guctes.webp"},{"@type":"BreadcrumbList","@id":"https:\/\/diyarbakirjenerator.com\/guc-ve-yer-tespiti\/#breadcrumb","itemListElement":[{"@type":"ListItem","position":1,"name":"Anasayfa","item":"https:\/\/diyarbakirjenerator.com\/"},{"@type":"ListItem","position":2,"name":"G\u00fc\u00e7 ve Yer Tespiti"}]},{"@type":"WebSite","@id":"https:\/\/diyarbakirjenerator.com\/#website","url":"https:\/\/diyarbakirjenerator.com\/","name":"Diyarbakir Generator","description":"Diesel and Gasoline Generator Prices and Types","potentialAction":[{"@type":"SearchAction","target":{"@type":"EntryPoint","urlTemplate":"https:\/\/diyarbakirjenerator.com\/?s={search_term_string}"},"query-input":{"@type":"PropertyValueSpecification","valueRequired":true,"valueName":"search_term_string"}}],"inLanguage":"en-US"}]}},"_links":{"self":[{"href":"https:\/\/diyarbakirjenerator.com\/en\/wp-json\/wp\/v2\/pages\/138","targetHints":{"allow":["GET"]}}],"collection":[{"href":"https:\/\/diyarbakirjenerator.com\/en\/wp-json\/wp\/v2\/pages"}],"about":[{"href":"https:\/\/diyarbakirjenerator.com\/en\/wp-json\/wp\/v2\/types\/page"}],"author":[{"embeddable":true,"href":"https:\/\/diyarbakirjenerator.com\/en\/wp-json\/wp\/v2\/users\/1"}],"replies":[{"embeddable":true,"href":"https:\/\/diyarbakirjenerator.com\/en\/wp-json\/wp\/v2\/comments?post=138"}],"version-history":[{"count":28,"href":"https:\/\/diyarbakirjenerator.com\/en\/wp-json\/wp\/v2\/pages\/138\/revisions"}],"predecessor-version":[{"id":1483,"href":"https:\/\/diyarbakirjenerator.com\/en\/wp-json\/wp\/v2\/pages\/138\/revisions\/1483"}],"wp:attachment":[{"href":"https:\/\/diyarbakirjenerator.com\/en\/wp-json\/wp\/v2\/media?parent=138"}],"curies":[{"name":"wp","href":"https:\/\/api.w.org\/{rel}","templated":true}]}}