{"id":145,"date":"2024-01-08T11:49:55","date_gmt":"2024-01-08T11:49:55","guid":{"rendered":"http:\/\/diyarbakirjenerator.com\/?page_id=145"},"modified":"2025-08-28T11:57:38","modified_gmt":"2025-08-28T08:57:38","slug":"periyodik-bakim-ve-yedek-parca","status":"publish","type":"page","link":"https:\/\/diyarbakirjenerator.com\/en\/periyodik-bakim-ve-yedek-parca\/","title":{"rendered":"Periodic Maintenance and Spare Parts"},"content":{"rendered":"<div data-elementor-type=\"wp-page\" data-elementor-id=\"145\" class=\"elementor elementor-145\">\n\t\t\t\t\t\t<section class=\"elementor-section elementor-top-section elementor-element elementor-element-b77897a elementor-section-boxed elementor-section-height-default elementor-section-height-default\" data-id=\"b77897a\" data-element_type=\"section\" data-settings=\"{&quot;background_background&quot;:&quot;classic&quot;}\">\n\t\t\t\t\t\t\t<div class=\"elementor-background-overlay\"><\/div>\n\t\t\t\t\t\t\t<div class=\"elementor-container elementor-column-gap-default\">\n\t\t\t\t\t<div class=\"elementor-column elementor-col-100 elementor-top-column elementor-element elementor-element-b13e28f\" data-id=\"b13e28f\" data-element_type=\"column\">\n\t\t\t<div class=\"elementor-widget-wrap elementor-element-populated\">\n\t\t\t\t\t\t<div class=\"elementor-element elementor-element-695588d rivax-align-center elementor-widget rivax-divider-heading-widget\" data-id=\"695588d\" data-element_type=\"widget\" data-widget_type=\"rivax-divider-heading.default\">\n\t\t\t\t<div class=\"elementor-widget-container\">\n\t\t\t\t\t<div class=\"rivax-divider-heading-wrap\">\r\n    <div class=\"rivax-divider-heading divider-style-12\">\r\n        <div class=\"divider divider-1\"><\/div>\r\n        <div class=\"divider divider-2\"><\/div>\r\n        <h2 class=\"title\">\r\n                <span class=\"title-inner\">\r\n            <span class=\"title-text\">\r\n                                PERIODIC MAINTENANCE AND SPARE PARTS            <\/span>\r\n                    <\/span>\r\n            <\/h2>\r\n    <div class=\"divider divider-3\"><\/div>\r\n    <div class=\"divider divider-4\"><\/div>\r\n<\/div>\r\n<\/div>\r\n\r\n\t\t\t\t<\/div>\n\t\t\t\t<\/div>\n\t\t\t\t<div class=\"elementor-element elementor-element-ad046ee elementor-widget elementor-widget-heading\" data-id=\"ad046ee\" data-element_type=\"widget\" data-widget_type=\"heading.default\">\n\t\t\t\t<div class=\"elementor-widget-container\">\n\t\t\t\t\t<h2 class=\"elementor-heading-title elementor-size-default\">Home &gt; Our Services &gt; <strong style=\"color:#039240\">Periodic Maintenance and Spare Parts<\/strong><\/h2>\t\t\t\t<\/div>\n\t\t\t\t<\/div>\n\t\t\t\t\t<\/div>\n\t\t<\/div>\n\t\t\t\t\t<\/div>\n\t\t<\/section>\n\t\t<div class=\"elementor-element elementor-element-acd54a7 e-flex e-con-boxed e-con e-parent\" data-id=\"acd54a7\" data-element_type=\"container\">\n\t\t\t\t\t<div class=\"e-con-inner\">\n\t\t<div class=\"elementor-element elementor-element-fdaacba e-con-full e-flex e-con e-child\" data-id=\"fdaacba\" data-element_type=\"container\" data-settings=\"{&quot;background_background&quot;:&quot;classic&quot;}\">\n\t\t\t\t<div class=\"elementor-element elementor-element-dc996dd elementor-widget elementor-widget-heading\" data-id=\"dc996dd\" data-element_type=\"widget\" data-widget_type=\"heading.default\">\n\t\t\t\t<div class=\"elementor-widget-container\">\n\t\t\t\t\t<h2 class=\"elementor-heading-title elementor-size-default\">Periodic Maintenance<\/h2>\t\t\t\t<\/div>\n\t\t\t\t<\/div>\n\t\t\t\t<div class=\"elementor-element elementor-element-5d0cea1 elementor-widget elementor-widget-text-editor\" data-id=\"5d0cea1\" data-element_type=\"widget\" data-widget_type=\"text-editor.default\">\n\t\t\t\t<div class=\"elementor-widget-container\">\n\t\t\t\t\t\t\t\t\t<p class=\"font_8 wixui-rich-text__text\">Jenerat\u00f6rlerinizin kesintisiz ve verimli \u00e7al\u0131\u015fmas\u0131 i\u00e7in ayl\u0131k periyodik bak\u0131m anla\u015fmas\u0131 \u00f6neriyoruz. D\u00fczenli bak\u0131m ile ar\u0131zalar \u00f6nceden tespit edilerek kesinti an\u0131nda ma\u011fduriyetiniz \u00f6nlenir. Anla\u015fmal\u0131 m\u00fc\u015fterilerimiz ar\u0131za durumlar\u0131nda \u00fccretsiz servis al\u0131r, yedek par\u00e7alarda ve y\u0131ll\u0131k genel bak\u0131mlarda %10 indirimden yararlan\u0131r. Servis ekibimiz test, kontrol ve temizlik i\u015flemlerini yaparak gerekli durumlarda m\u00fc\u015fteri onay\u0131yla m\u00fcdahalede bulunur. Apartmanlar ve kamu kurumlar\u0131 i\u00e7in \u00f6zel fiyat ve \u00fcr\u00fcnlerimizi incelemeden bak\u0131m anla\u015fmas\u0131 yapmaman\u0131z\u0131 tavsiye ederiz.<\/p>\t\t\t\t\t\t\t\t<\/div>\n\t\t\t\t<\/div>\n\t\t\t\t<\/div>\n\t\t<div class=\"elementor-element elementor-element-469ae1c e-con-full e-flex e-con e-child\" data-id=\"469ae1c\" data-element_type=\"container\">\n\t\t\t\t<div class=\"elementor-element elementor-element-7c5acac elementor-widget elementor-widget-image\" data-id=\"7c5acac\" data-element_type=\"widget\" data-widget_type=\"image.default\">\n\t\t\t\t<div class=\"elementor-widget-container\">\n\t\t\t\t\t\t\t\t\t\t\t\t\t\t\t<img fetchpriority=\"high\" decoding=\"async\" width=\"800\" height=\"600\" src=\"https:\/\/diyarbakirjenerator.com\/wp-content\/uploads\/2025\/08\/bakimm.webp\" class=\"attachment-large size-large wp-image-1484\" alt=\"\" srcset=\"https:\/\/diyarbakirjenerator.com\/wp-content\/uploads\/2025\/08\/bakimm.webp 800w, https:\/\/diyarbakirjenerator.com\/wp-content\/uploads\/2025\/08\/bakimm-300x225.webp 300w, https:\/\/diyarbakirjenerator.com\/wp-content\/uploads\/2025\/08\/bakimm-768x576.webp 768w, https:\/\/diyarbakirjenerator.com\/wp-content\/uploads\/2025\/08\/bakimm-16x12.webp 16w, https:\/\/diyarbakirjenerator.com\/wp-content\/uploads\/2025\/08\/bakimm-400x300.webp 400w, https:\/\/diyarbakirjenerator.com\/wp-content\/uploads\/2025\/08\/bakimm-700x525.webp 700w, https:\/\/diyarbakirjenerator.com\/wp-content\/uploads\/2025\/08\/bakimm-600x450.webp 600w\" sizes=\"(max-width: 800px) 100vw, 800px\" \/>\t\t\t\t\t\t\t\t\t\t\t\t\t\t\t<\/div>\n\t\t\t\t<\/div>\n\t\t\t\t<\/div>\n\t\t\t\t\t<\/div>\n\t\t\t\t<\/div>\n\t\t<div class=\"elementor-element elementor-element-a44d4c4 e-flex e-con-boxed e-con e-parent\" data-id=\"a44d4c4\" data-element_type=\"container\">\n\t\t\t\t\t<div class=\"e-con-inner\">\n\t\t<div class=\"elementor-element elementor-element-0773d0a e-con-full e-flex e-con e-child\" data-id=\"0773d0a\" data-element_type=\"container\" data-settings=\"{&quot;background_background&quot;:&quot;classic&quot;}\">\n\t\t\t\t<div class=\"elementor-element elementor-element-53c0f5e elementor-widget elementor-widget-heading\" data-id=\"53c0f5e\" data-element_type=\"widget\" data-widget_type=\"heading.default\">\n\t\t\t\t<div class=\"elementor-widget-container\">\n\t\t\t\t\t<h2 class=\"elementor-heading-title elementor-size-default\">Spare Parts<\/h2>\t\t\t\t<\/div>\n\t\t\t\t<\/div>\n\t\t\t\t<div class=\"elementor-element elementor-element-eb70ff7 elementor-widget elementor-widget-text-editor\" data-id=\"eb70ff7\" data-element_type=\"widget\" data-widget_type=\"text-editor.default\">\n\t\t\t\t<div class=\"elementor-widget-container\">\n\t\t\t\t\t\t\t\t\t<p class=\"font_8 wixui-rich-text__text\">G\u00fc\u00e7bir Generator recommends using original spare parts. Because original spare parts are more compatible and durable. They have a long service life due to their long service life. Although original spare parts seem to be more expensive than copies at first glance, they provide low cost in the long run. As G\u00fc\u00e7bir Generator, we provide spare parts for the following products.<\/p>\t\t\t\t\t\t\t\t<\/div>\n\t\t\t\t<\/div>\n\t\t\t\t<\/div>\n\t\t<div class=\"elementor-element elementor-element-d244fed e-con-full e-flex e-con e-child\" data-id=\"d244fed\" data-element_type=\"container\">\n\t\t\t\t<div class=\"elementor-element elementor-element-e2f8dbb elementor-widget elementor-widget-image\" data-id=\"e2f8dbb\" data-element_type=\"widget\" data-widget_type=\"image.default\">\n\t\t\t\t<div class=\"elementor-widget-container\">\n\t\t\t\t\t\t\t\t\t\t\t\t\t\t\t<img decoding=\"async\" width=\"800\" height=\"600\" src=\"https:\/\/diyarbakirjenerator.com\/wp-content\/uploads\/2025\/08\/guctes.webp\" class=\"attachment-large size-large wp-image-1477\" alt=\"\" srcset=\"https:\/\/diyarbakirjenerator.com\/wp-content\/uploads\/2025\/08\/guctes.webp 800w, https:\/\/diyarbakirjenerator.com\/wp-content\/uploads\/2025\/08\/guctes-300x225.webp 300w, https:\/\/diyarbakirjenerator.com\/wp-content\/uploads\/2025\/08\/guctes-768x576.webp 768w, https:\/\/diyarbakirjenerator.com\/wp-content\/uploads\/2025\/08\/guctes-16x12.webp 16w, https:\/\/diyarbakirjenerator.com\/wp-content\/uploads\/2025\/08\/guctes-400x300.webp 400w, https:\/\/diyarbakirjenerator.com\/wp-content\/uploads\/2025\/08\/guctes-700x525.webp 700w, https:\/\/diyarbakirjenerator.com\/wp-content\/uploads\/2025\/08\/guctes-600x450.webp 600w\" sizes=\"(max-width: 800px) 100vw, 800px\" \/>\t\t\t\t\t\t\t\t\t\t\t\t\t\t\t<\/div>\n\t\t\t\t<\/div>\n\t\t\t\t<\/div>\n\t\t\t\t\t<\/div>\n\t\t\t\t<\/div>\n\t\t\t\t<\/div>","protected":false},"excerpt":{"rendered":"<p>PER\u0130YOD\u0130K BAKIM VE YEDEK PAR\u00c7A Ana Sayfa &gt; Hizmetlerimiz &gt; Periyodik Bak\u0131m ve Yedek Par\u00e7a Periyodik Bak\u0131m Jenerat\u00f6rlerinizin kesintisiz ve verimli \u00e7al\u0131\u015fmas\u0131 i\u00e7in ayl\u0131k periyodik bak\u0131m anla\u015fmas\u0131 \u00f6neriyoruz. D\u00fczenli bak\u0131m ile ar\u0131zalar \u00f6nceden tespit edilerek kesinti an\u0131nda ma\u011fduriyetiniz \u00f6nlenir. Anla\u015fmal\u0131 m\u00fc\u015fterilerimiz ar\u0131za durumlar\u0131nda \u00fccretsiz servis al\u0131r, yedek par\u00e7alarda ve y\u0131ll\u0131k genel bak\u0131mlarda %10 indirimden yararlan\u0131r. [&hellip;]<\/p>","protected":false},"author":1,"featured_media":0,"parent":0,"menu_order":0,"comment_status":"closed","ping_status":"closed","template":"elementor_header_footer","meta":{"_themeisle_gutenberg_block_has_review":false,"footnotes":""},"class_list":["post-145","page","type-page","status-publish","hentry"],"yoast_head":"<!-- This site is optimized with the Yoast SEO plugin v25.8 - https:\/\/yoast.com\/wordpress\/plugins\/seo\/ -->\n<title>Periyodik Bak\u0131m ve Yedek Par\u00e7a - Diyarbak\u0131r Jenerat&ouml;r<\/title>\n<meta name=\"description\" content=\"Dizel Jenerat\u00f6r, Portatif Benzinli ve Dizel Jenerat\u00f6r, \u0130kinci El Jenerat\u00f6r, I\u015f\u0131kl\u0131 Jenerat\u00f6r, R\u00f6morklu Jenerat\u00f6r Senkronizasyon Panolar\u0131\" \/>\n<meta name=\"robots\" content=\"index, follow, max-snippet:-1, max-image-preview:large, max-video-preview:-1\" \/>\n<link rel=\"canonical\" href=\"https:\/\/diyarbakirjenerator.com\/en\/periyodik-bakim-ve-yedek-parca\/\" \/>\n<meta property=\"og:locale\" content=\"en_US\" \/>\n<meta property=\"og:type\" content=\"article\" \/>\n<meta property=\"og:title\" content=\"Periyodik Bak\u0131m ve Yedek Par\u00e7a - Diyarbak\u0131r Jenerat&ouml;r\" \/>\n<meta property=\"og:description\" content=\"Dizel Jenerat\u00f6r, Portatif Benzinli ve Dizel Jenerat\u00f6r, \u0130kinci El Jenerat\u00f6r, I\u015f\u0131kl\u0131 Jenerat\u00f6r, R\u00f6morklu Jenerat\u00f6r Senkronizasyon Panolar\u0131\" \/>\n<meta property=\"og:url\" content=\"https:\/\/diyarbakirjenerator.com\/en\/periyodik-bakim-ve-yedek-parca\/\" \/>\n<meta property=\"og:site_name\" content=\"Diyarbak\u0131r Jenerat&ouml;r\" \/>\n<meta property=\"article:modified_time\" content=\"2025-08-28T08:57:38+00:00\" \/>\n<meta property=\"og:image\" content=\"http:\/\/diyarbakirjenerator.com\/wp-content\/uploads\/2025\/08\/bakimm.webp\" \/>\n<meta name=\"twitter:card\" content=\"summary_large_image\" \/>\n<meta name=\"twitter:label1\" content=\"Est. reading time\" \/>\n\t<meta name=\"twitter:data1\" content=\"2 minutes\" \/>\n<script type=\"application\/ld+json\" class=\"yoast-schema-graph\">{\"@context\":\"https:\/\/schema.org\",\"@graph\":[{\"@type\":\"WebPage\",\"@id\":\"https:\/\/diyarbakirjenerator.com\/periyodik-bakim-ve-yedek-parca\/\",\"url\":\"https:\/\/diyarbakirjenerator.com\/periyodik-bakim-ve-yedek-parca\/\",\"name\":\"Periyodik Bak\u0131m ve Yedek Par\u00e7a - Diyarbak\u0131r Jenerat&ouml;r\",\"isPartOf\":{\"@id\":\"https:\/\/diyarbakirjenerator.com\/#website\"},\"primaryImageOfPage\":{\"@id\":\"https:\/\/diyarbakirjenerator.com\/periyodik-bakim-ve-yedek-parca\/#primaryimage\"},\"image\":{\"@id\":\"https:\/\/diyarbakirjenerator.com\/periyodik-bakim-ve-yedek-parca\/#primaryimage\"},\"thumbnailUrl\":\"http:\/\/diyarbakirjenerator.com\/wp-content\/uploads\/2025\/08\/bakimm.webp\",\"datePublished\":\"2024-01-08T11:49:55+00:00\",\"dateModified\":\"2025-08-28T08:57:38+00:00\",\"description\":\"Dizel Jenerat\u00f6r, Portatif Benzinli ve Dizel Jenerat\u00f6r, \u0130kinci El Jenerat\u00f6r, I\u015f\u0131kl\u0131 Jenerat\u00f6r, R\u00f6morklu Jenerat\u00f6r Senkronizasyon Panolar\u0131\",\"breadcrumb\":{\"@id\":\"https:\/\/diyarbakirjenerator.com\/periyodik-bakim-ve-yedek-parca\/#breadcrumb\"},\"inLanguage\":\"en-US\",\"potentialAction\":[{\"@type\":\"ReadAction\",\"target\":[\"https:\/\/diyarbakirjenerator.com\/periyodik-bakim-ve-yedek-parca\/\"]}]},{\"@type\":\"ImageObject\",\"inLanguage\":\"en-US\",\"@id\":\"https:\/\/diyarbakirjenerator.com\/periyodik-bakim-ve-yedek-parca\/#primaryimage\",\"url\":\"http:\/\/diyarbakirjenerator.com\/wp-content\/uploads\/2025\/08\/bakimm.webp\",\"contentUrl\":\"http:\/\/diyarbakirjenerator.com\/wp-content\/uploads\/2025\/08\/bakimm.webp\"},{\"@type\":\"BreadcrumbList\",\"@id\":\"https:\/\/diyarbakirjenerator.com\/periyodik-bakim-ve-yedek-parca\/#breadcrumb\",\"itemListElement\":[{\"@type\":\"ListItem\",\"position\":1,\"name\":\"Anasayfa\",\"item\":\"https:\/\/diyarbakirjenerator.com\/\"},{\"@type\":\"ListItem\",\"position\":2,\"name\":\"Periyodik Bak\u0131m ve Yedek Par\u00e7a\"}]},{\"@type\":\"WebSite\",\"@id\":\"https:\/\/diyarbakirjenerator.com\/#website\",\"url\":\"https:\/\/diyarbakirjenerator.com\/\",\"name\":\"Diyarbak\u0131r Jenerat&ouml;r\",\"description\":\"Dizel ve Benzinli Jenerat&ouml;r Fiyat ve &Ccedil;e\u015fitleri\",\"potentialAction\":[{\"@type\":\"SearchAction\",\"target\":{\"@type\":\"EntryPoint\",\"urlTemplate\":\"https:\/\/diyarbakirjenerator.com\/?s={search_term_string}\"},\"query-input\":{\"@type\":\"PropertyValueSpecification\",\"valueRequired\":true,\"valueName\":\"search_term_string\"}}],\"inLanguage\":\"en-US\"}]}<\/script>\n<!-- \/ Yoast SEO plugin. -->","yoast_head_json":{"title":"Periyodik Bak\u0131m ve Yedek Par\u00e7a - Diyarbak\u0131r Jenerat&ouml;r","description":"Diesel Generator, Portable Gasoline and Diesel Generator, Second Hand Generator, Lighted Generator, Trailer Generator Synchronization Panels","robots":{"index":"index","follow":"follow","max-snippet":"max-snippet:-1","max-image-preview":"max-image-preview:large","max-video-preview":"max-video-preview:-1"},"canonical":"https:\/\/diyarbakirjenerator.com\/en\/periyodik-bakim-ve-yedek-parca\/","og_locale":"en_US","og_type":"article","og_title":"Periyodik Bak\u0131m ve Yedek Par\u00e7a - Diyarbak\u0131r Jenerat&ouml;r","og_description":"Dizel Jenerat\u00f6r, Portatif Benzinli ve Dizel Jenerat\u00f6r, \u0130kinci El Jenerat\u00f6r, I\u015f\u0131kl\u0131 Jenerat\u00f6r, R\u00f6morklu Jenerat\u00f6r Senkronizasyon Panolar\u0131","og_url":"https:\/\/diyarbakirjenerator.com\/en\/periyodik-bakim-ve-yedek-parca\/","og_site_name":"Diyarbak\u0131r Jenerat&ouml;r","article_modified_time":"2025-08-28T08:57:38+00:00","og_image":[{"url":"http:\/\/diyarbakirjenerator.com\/wp-content\/uploads\/2025\/08\/bakimm.webp","type":"","width":"","height":""}],"twitter_card":"summary_large_image","twitter_misc":{"Est. reading time":"2 minutes"},"schema":{"@context":"https:\/\/schema.org","@graph":[{"@type":"WebPage","@id":"https:\/\/diyarbakirjenerator.com\/periyodik-bakim-ve-yedek-parca\/","url":"https:\/\/diyarbakirjenerator.com\/periyodik-bakim-ve-yedek-parca\/","name":"Periyodik Bak\u0131m ve Yedek Par\u00e7a - Diyarbak\u0131r Jenerat&ouml;r","isPartOf":{"@id":"https:\/\/diyarbakirjenerator.com\/#website"},"primaryImageOfPage":{"@id":"https:\/\/diyarbakirjenerator.com\/periyodik-bakim-ve-yedek-parca\/#primaryimage"},"image":{"@id":"https:\/\/diyarbakirjenerator.com\/periyodik-bakim-ve-yedek-parca\/#primaryimage"},"thumbnailUrl":"http:\/\/diyarbakirjenerator.com\/wp-content\/uploads\/2025\/08\/bakimm.webp","datePublished":"2024-01-08T11:49:55+00:00","dateModified":"2025-08-28T08:57:38+00:00","description":"Diesel Generator, Portable Gasoline and Diesel Generator, Second Hand Generator, Lighted Generator, Trailer Generator Synchronization Panels","breadcrumb":{"@id":"https:\/\/diyarbakirjenerator.com\/periyodik-bakim-ve-yedek-parca\/#breadcrumb"},"inLanguage":"en-US","potentialAction":[{"@type":"ReadAction","target":["https:\/\/diyarbakirjenerator.com\/periyodik-bakim-ve-yedek-parca\/"]}]},{"@type":"ImageObject","inLanguage":"en-US","@id":"https:\/\/diyarbakirjenerator.com\/periyodik-bakim-ve-yedek-parca\/#primaryimage","url":"http:\/\/diyarbakirjenerator.com\/wp-content\/uploads\/2025\/08\/bakimm.webp","contentUrl":"http:\/\/diyarbakirjenerator.com\/wp-content\/uploads\/2025\/08\/bakimm.webp"},{"@type":"BreadcrumbList","@id":"https:\/\/diyarbakirjenerator.com\/periyodik-bakim-ve-yedek-parca\/#breadcrumb","itemListElement":[{"@type":"ListItem","position":1,"name":"Anasayfa","item":"https:\/\/diyarbakirjenerator.com\/"},{"@type":"ListItem","position":2,"name":"Periyodik Bak\u0131m ve Yedek Par\u00e7a"}]},{"@type":"WebSite","@id":"https:\/\/diyarbakirjenerator.com\/#website","url":"https:\/\/diyarbakirjenerator.com\/","name":"Diyarbakir Generator","description":"Diesel and Gasoline Generator Prices and Types","potentialAction":[{"@type":"SearchAction","target":{"@type":"EntryPoint","urlTemplate":"https:\/\/diyarbakirjenerator.com\/?s={search_term_string}"},"query-input":{"@type":"PropertyValueSpecification","valueRequired":true,"valueName":"search_term_string"}}],"inLanguage":"en-US"}]}},"_links":{"self":[{"href":"https:\/\/diyarbakirjenerator.com\/en\/wp-json\/wp\/v2\/pages\/145","targetHints":{"allow":["GET"]}}],"collection":[{"href":"https:\/\/diyarbakirjenerator.com\/en\/wp-json\/wp\/v2\/pages"}],"about":[{"href":"https:\/\/diyarbakirjenerator.com\/en\/wp-json\/wp\/v2\/types\/page"}],"author":[{"embeddable":true,"href":"https:\/\/diyarbakirjenerator.com\/en\/wp-json\/wp\/v2\/users\/1"}],"replies":[{"embeddable":true,"href":"https:\/\/diyarbakirjenerator.com\/en\/wp-json\/wp\/v2\/comments?post=145"}],"version-history":[{"count":25,"href":"https:\/\/diyarbakirjenerator.com\/en\/wp-json\/wp\/v2\/pages\/145\/revisions"}],"predecessor-version":[{"id":1487,"href":"https:\/\/diyarbakirjenerator.com\/en\/wp-json\/wp\/v2\/pages\/145\/revisions\/1487"}],"wp:attachment":[{"href":"https:\/\/diyarbakirjenerator.com\/en\/wp-json\/wp\/v2\/media?parent=145"}],"curies":[{"name":"wp","href":"https:\/\/api.w.org\/{rel}","templated":true}]}}