{"id":152,"date":"2024-01-08T11:58:50","date_gmt":"2024-01-08T11:58:50","guid":{"rendered":"http:\/\/diyarbakirjenerator.com\/?page_id=152"},"modified":"2025-08-28T11:59:24","modified_gmt":"2025-08-28T08:59:24","slug":"jenerator-montaj","status":"publish","type":"page","link":"https:\/\/diyarbakirjenerator.com\/en\/jenerator-montaj\/","title":{"rendered":"Generator Assembly"},"content":{"rendered":"<div data-elementor-type=\"wp-page\" data-elementor-id=\"152\" class=\"elementor elementor-152\">\n\t\t\t\t\t\t<section class=\"elementor-section elementor-top-section elementor-element elementor-element-b77897a elementor-section-boxed elementor-section-height-default elementor-section-height-default\" data-id=\"b77897a\" data-element_type=\"section\" data-settings=\"{&quot;background_background&quot;:&quot;classic&quot;}\">\n\t\t\t\t\t\t\t<div class=\"elementor-background-overlay\"><\/div>\n\t\t\t\t\t\t\t<div class=\"elementor-container elementor-column-gap-default\">\n\t\t\t\t\t<div class=\"elementor-column elementor-col-100 elementor-top-column elementor-element elementor-element-b13e28f\" data-id=\"b13e28f\" data-element_type=\"column\">\n\t\t\t<div class=\"elementor-widget-wrap elementor-element-populated\">\n\t\t\t\t\t\t<div class=\"elementor-element elementor-element-695588d rivax-align-center elementor-widget rivax-divider-heading-widget\" data-id=\"695588d\" data-element_type=\"widget\" data-widget_type=\"rivax-divider-heading.default\">\n\t\t\t\t<div class=\"elementor-widget-container\">\n\t\t\t\t\t<div class=\"rivax-divider-heading-wrap\">\r\n    <div class=\"rivax-divider-heading divider-style-12\">\r\n        <div class=\"divider divider-1\"><\/div>\r\n        <div class=\"divider divider-2\"><\/div>\r\n        <h2 class=\"title\">\r\n                <span class=\"title-inner\">\r\n            <span class=\"title-text\">\r\n                                GENERATOR ASSEMBLY            <\/span>\r\n                    <\/span>\r\n            <\/h2>\r\n    <div class=\"divider divider-3\"><\/div>\r\n    <div class=\"divider divider-4\"><\/div>\r\n<\/div>\r\n<\/div>\r\n\r\n\t\t\t\t<\/div>\n\t\t\t\t<\/div>\n\t\t\t\t<div class=\"elementor-element elementor-element-ad046ee elementor-widget elementor-widget-heading\" data-id=\"ad046ee\" data-element_type=\"widget\" data-widget_type=\"heading.default\">\n\t\t\t\t<div class=\"elementor-widget-container\">\n\t\t\t\t\t<h2 class=\"elementor-heading-title elementor-size-default\">Home &gt; Our Services &gt; <strong style=\"color:#039240\">Generator Assembly<\/strong><\/h2>\t\t\t\t<\/div>\n\t\t\t\t<\/div>\n\t\t\t\t\t<\/div>\n\t\t<\/div>\n\t\t\t\t\t<\/div>\n\t\t<\/section>\n\t\t<div class=\"elementor-element elementor-element-4f8f982 e-flex e-con-boxed e-con e-parent\" data-id=\"4f8f982\" data-element_type=\"container\">\n\t\t\t\t\t<div class=\"e-con-inner\">\n\t\t<div class=\"elementor-element elementor-element-a0c1d92 e-con-full e-flex e-con e-child\" data-id=\"a0c1d92\" data-element_type=\"container\" data-settings=\"{&quot;background_background&quot;:&quot;classic&quot;}\">\n\t\t\t\t<div class=\"elementor-element elementor-element-0679e9d elementor-widget elementor-widget-text-editor\" data-id=\"0679e9d\" data-element_type=\"widget\" data-widget_type=\"text-editor.default\">\n\t\t\t\t<div class=\"elementor-widget-container\">\n\t\t\t\t\t\t\t\t\t<p class=\"font_8 wixui-rich-text__text\">It is very important that the installation and commissioning of the generator you have purchased is carried out by experts in terms of performance, efficiency and trouble-free operation of the generator. During commissioning, it should be checked by the expert team that the necessary infrastructure is prepared correctly, connections should be made and the generator should be commissioned. The commissioning of the G\u00fc\u00e7bir Generator brand generator you have purchased by persons other than our authorized service or our company personnel will cause the product to be out of warranty. The first start-up operations to be performed by G\u00fc\u00e7bir Generator authorized service or our personnel are free of charge. Function and usage tests are also performed free.<\/p>\t\t\t\t\t\t\t\t<\/div>\n\t\t\t\t<\/div>\n\t\t\t\t<\/div>\n\t\t<div class=\"elementor-element elementor-element-c4832cc e-con-full e-flex e-con e-child\" data-id=\"c4832cc\" data-element_type=\"container\">\n\t\t\t\t<div class=\"elementor-element elementor-element-7077476 elementor-widget elementor-widget-image\" data-id=\"7077476\" data-element_type=\"widget\" data-widget_type=\"image.default\">\n\t\t\t\t<div class=\"elementor-widget-container\">\n\t\t\t\t\t\t\t\t\t\t\t\t\t\t\t<img fetchpriority=\"high\" decoding=\"async\" width=\"800\" height=\"600\" src=\"https:\/\/diyarbakirjenerator.com\/wp-content\/uploads\/2025\/08\/mont.webp\" class=\"attachment-large size-large wp-image-1488\" alt=\"\" srcset=\"https:\/\/diyarbakirjenerator.com\/wp-content\/uploads\/2025\/08\/mont.webp 800w, https:\/\/diyarbakirjenerator.com\/wp-content\/uploads\/2025\/08\/mont-300x225.webp 300w, https:\/\/diyarbakirjenerator.com\/wp-content\/uploads\/2025\/08\/mont-768x576.webp 768w, https:\/\/diyarbakirjenerator.com\/wp-content\/uploads\/2025\/08\/mont-16x12.webp 16w, https:\/\/diyarbakirjenerator.com\/wp-content\/uploads\/2025\/08\/mont-400x300.webp 400w, https:\/\/diyarbakirjenerator.com\/wp-content\/uploads\/2025\/08\/mont-700x525.webp 700w, https:\/\/diyarbakirjenerator.com\/wp-content\/uploads\/2025\/08\/mont-600x450.webp 600w\" sizes=\"(max-width: 800px) 100vw, 800px\" \/>\t\t\t\t\t\t\t\t\t\t\t\t\t\t\t<\/div>\n\t\t\t\t<\/div>\n\t\t\t\t<\/div>\n\t\t\t\t\t<\/div>\n\t\t\t\t<\/div>\n\t\t\t\t<\/div>","protected":false},"excerpt":{"rendered":"<p>JENERAT\u00d6R MONTAJ Ana Sayfa &gt; Hizmetlerimiz &gt; Jenerat\u00f6r Montaj Sat\u0131n ald\u0131\u011f\u0131n\u0131z jenerat\u00f6r\u00fcn montaj\u0131n\u0131n ve devreye al\u0131nmas\u0131n\u0131n uzman ki\u015filer taraf\u0131ndan yap\u0131lmas\u0131, jenerat\u00f6r\u00fcn performansl\u0131, verimli ve sorunsuz \u00e7al\u0131\u015fmas\u0131 a\u00e7\u0131s\u0131ndan olduk\u00e7a \u00f6nemlidir. Devreye alma s\u0131ras\u0131nda gerekli altyap\u0131n\u0131n do\u011fru haz\u0131rland\u0131\u011f\u0131 uzman ekip taraf\u0131ndan kontrol edilip ba\u011flant\u0131lar yap\u0131lmal\u0131 ve jenerat\u00f6r devreye al\u0131nmal\u0131d\u0131r. Sat\u0131n ald\u0131\u011f\u0131n\u0131z G\u00fc\u00e7bir Jenerat\u00f6r marka jenerat\u00f6r\u00fcn yetkili servisimiz [&hellip;]<\/p>","protected":false},"author":1,"featured_media":0,"parent":0,"menu_order":0,"comment_status":"closed","ping_status":"closed","template":"elementor_header_footer","meta":{"_themeisle_gutenberg_block_has_review":false,"footnotes":""},"class_list":["post-152","page","type-page","status-publish","hentry"],"yoast_head":"<!-- This site is optimized with the Yoast SEO plugin v25.8 - https:\/\/yoast.com\/wordpress\/plugins\/seo\/ -->\n<title>Jenerat\u00f6r Montaj - Diyarbak\u0131r Jenerat&ouml;r<\/title>\n<meta name=\"description\" content=\"Dizel Jenerat\u00f6r, Portatif Benzinli ve Dizel Jenerat\u00f6r, \u0130kinci El Jenerat\u00f6r, I\u015f\u0131kl\u0131 Jenerat\u00f6r, R\u00f6morklu Jenerat\u00f6r Senkronizasyon Panolar\u0131\" \/>\n<meta name=\"robots\" content=\"index, follow, max-snippet:-1, max-image-preview:large, max-video-preview:-1\" \/>\n<link rel=\"canonical\" href=\"https:\/\/diyarbakirjenerator.com\/en\/jenerator-montaj\/\" \/>\n<meta property=\"og:locale\" content=\"en_US\" \/>\n<meta property=\"og:type\" content=\"article\" \/>\n<meta property=\"og:title\" content=\"Jenerat\u00f6r Montaj - Diyarbak\u0131r Jenerat&ouml;r\" \/>\n<meta property=\"og:description\" content=\"Dizel Jenerat\u00f6r, Portatif Benzinli ve Dizel Jenerat\u00f6r, \u0130kinci El Jenerat\u00f6r, I\u015f\u0131kl\u0131 Jenerat\u00f6r, R\u00f6morklu Jenerat\u00f6r Senkronizasyon Panolar\u0131\" \/>\n<meta property=\"og:url\" content=\"https:\/\/diyarbakirjenerator.com\/en\/jenerator-montaj\/\" \/>\n<meta property=\"og:site_name\" content=\"Diyarbak\u0131r Jenerat&ouml;r\" \/>\n<meta property=\"article:modified_time\" content=\"2025-08-28T08:59:24+00:00\" \/>\n<meta property=\"og:image\" content=\"http:\/\/diyarbakirjenerator.com\/wp-content\/uploads\/2025\/08\/mont.webp\" \/>\n<meta name=\"twitter:card\" content=\"summary_large_image\" \/>\n<meta name=\"twitter:label1\" content=\"Est. reading time\" \/>\n\t<meta name=\"twitter:data1\" content=\"1 minute\" \/>\n<script type=\"application\/ld+json\" class=\"yoast-schema-graph\">{\"@context\":\"https:\/\/schema.org\",\"@graph\":[{\"@type\":\"WebPage\",\"@id\":\"https:\/\/diyarbakirjenerator.com\/jenerator-montaj\/\",\"url\":\"https:\/\/diyarbakirjenerator.com\/jenerator-montaj\/\",\"name\":\"Jenerat\u00f6r Montaj - Diyarbak\u0131r Jenerat&ouml;r\",\"isPartOf\":{\"@id\":\"https:\/\/diyarbakirjenerator.com\/#website\"},\"primaryImageOfPage\":{\"@id\":\"https:\/\/diyarbakirjenerator.com\/jenerator-montaj\/#primaryimage\"},\"image\":{\"@id\":\"https:\/\/diyarbakirjenerator.com\/jenerator-montaj\/#primaryimage\"},\"thumbnailUrl\":\"http:\/\/diyarbakirjenerator.com\/wp-content\/uploads\/2025\/08\/mont.webp\",\"datePublished\":\"2024-01-08T11:58:50+00:00\",\"dateModified\":\"2025-08-28T08:59:24+00:00\",\"description\":\"Dizel Jenerat\u00f6r, Portatif Benzinli ve Dizel Jenerat\u00f6r, \u0130kinci El Jenerat\u00f6r, I\u015f\u0131kl\u0131 Jenerat\u00f6r, R\u00f6morklu Jenerat\u00f6r Senkronizasyon Panolar\u0131\",\"breadcrumb\":{\"@id\":\"https:\/\/diyarbakirjenerator.com\/jenerator-montaj\/#breadcrumb\"},\"inLanguage\":\"en-US\",\"potentialAction\":[{\"@type\":\"ReadAction\",\"target\":[\"https:\/\/diyarbakirjenerator.com\/jenerator-montaj\/\"]}]},{\"@type\":\"ImageObject\",\"inLanguage\":\"en-US\",\"@id\":\"https:\/\/diyarbakirjenerator.com\/jenerator-montaj\/#primaryimage\",\"url\":\"http:\/\/diyarbakirjenerator.com\/wp-content\/uploads\/2025\/08\/mont.webp\",\"contentUrl\":\"http:\/\/diyarbakirjenerator.com\/wp-content\/uploads\/2025\/08\/mont.webp\"},{\"@type\":\"BreadcrumbList\",\"@id\":\"https:\/\/diyarbakirjenerator.com\/jenerator-montaj\/#breadcrumb\",\"itemListElement\":[{\"@type\":\"ListItem\",\"position\":1,\"name\":\"Anasayfa\",\"item\":\"https:\/\/diyarbakirjenerator.com\/\"},{\"@type\":\"ListItem\",\"position\":2,\"name\":\"Jenerat\u00f6r Montaj\"}]},{\"@type\":\"WebSite\",\"@id\":\"https:\/\/diyarbakirjenerator.com\/#website\",\"url\":\"https:\/\/diyarbakirjenerator.com\/\",\"name\":\"Diyarbak\u0131r Jenerat&ouml;r\",\"description\":\"Dizel ve Benzinli Jenerat&ouml;r Fiyat ve &Ccedil;e\u015fitleri\",\"potentialAction\":[{\"@type\":\"SearchAction\",\"target\":{\"@type\":\"EntryPoint\",\"urlTemplate\":\"https:\/\/diyarbakirjenerator.com\/?s={search_term_string}\"},\"query-input\":{\"@type\":\"PropertyValueSpecification\",\"valueRequired\":true,\"valueName\":\"search_term_string\"}}],\"inLanguage\":\"en-US\"}]}<\/script>\n<!-- \/ Yoast SEO plugin. -->","yoast_head_json":{"title":"Jenerat\u00f6r Montaj - Diyarbak\u0131r Jenerat&ouml;r","description":"Diesel Generator, Portable Gasoline and Diesel Generator, Second Hand Generator, Lighted Generator, Trailer Generator Synchronization Panels","robots":{"index":"index","follow":"follow","max-snippet":"max-snippet:-1","max-image-preview":"max-image-preview:large","max-video-preview":"max-video-preview:-1"},"canonical":"https:\/\/diyarbakirjenerator.com\/en\/jenerator-montaj\/","og_locale":"en_US","og_type":"article","og_title":"Jenerat\u00f6r Montaj - Diyarbak\u0131r Jenerat&ouml;r","og_description":"Dizel Jenerat\u00f6r, Portatif Benzinli ve Dizel Jenerat\u00f6r, \u0130kinci El Jenerat\u00f6r, I\u015f\u0131kl\u0131 Jenerat\u00f6r, R\u00f6morklu Jenerat\u00f6r Senkronizasyon Panolar\u0131","og_url":"https:\/\/diyarbakirjenerator.com\/en\/jenerator-montaj\/","og_site_name":"Diyarbak\u0131r Jenerat&ouml;r","article_modified_time":"2025-08-28T08:59:24+00:00","og_image":[{"url":"http:\/\/diyarbakirjenerator.com\/wp-content\/uploads\/2025\/08\/mont.webp","type":"","width":"","height":""}],"twitter_card":"summary_large_image","twitter_misc":{"Est. reading time":"1 minute"},"schema":{"@context":"https:\/\/schema.org","@graph":[{"@type":"WebPage","@id":"https:\/\/diyarbakirjenerator.com\/jenerator-montaj\/","url":"https:\/\/diyarbakirjenerator.com\/jenerator-montaj\/","name":"Jenerat\u00f6r Montaj - Diyarbak\u0131r Jenerat&ouml;r","isPartOf":{"@id":"https:\/\/diyarbakirjenerator.com\/#website"},"primaryImageOfPage":{"@id":"https:\/\/diyarbakirjenerator.com\/jenerator-montaj\/#primaryimage"},"image":{"@id":"https:\/\/diyarbakirjenerator.com\/jenerator-montaj\/#primaryimage"},"thumbnailUrl":"http:\/\/diyarbakirjenerator.com\/wp-content\/uploads\/2025\/08\/mont.webp","datePublished":"2024-01-08T11:58:50+00:00","dateModified":"2025-08-28T08:59:24+00:00","description":"Diesel Generator, Portable Gasoline and Diesel Generator, Second Hand Generator, Lighted Generator, Trailer Generator Synchronization Panels","breadcrumb":{"@id":"https:\/\/diyarbakirjenerator.com\/jenerator-montaj\/#breadcrumb"},"inLanguage":"en-US","potentialAction":[{"@type":"ReadAction","target":["https:\/\/diyarbakirjenerator.com\/jenerator-montaj\/"]}]},{"@type":"ImageObject","inLanguage":"en-US","@id":"https:\/\/diyarbakirjenerator.com\/jenerator-montaj\/#primaryimage","url":"http:\/\/diyarbakirjenerator.com\/wp-content\/uploads\/2025\/08\/mont.webp","contentUrl":"http:\/\/diyarbakirjenerator.com\/wp-content\/uploads\/2025\/08\/mont.webp"},{"@type":"BreadcrumbList","@id":"https:\/\/diyarbakirjenerator.com\/jenerator-montaj\/#breadcrumb","itemListElement":[{"@type":"ListItem","position":1,"name":"Anasayfa","item":"https:\/\/diyarbakirjenerator.com\/"},{"@type":"ListItem","position":2,"name":"Jenerat\u00f6r Montaj"}]},{"@type":"WebSite","@id":"https:\/\/diyarbakirjenerator.com\/#website","url":"https:\/\/diyarbakirjenerator.com\/","name":"Diyarbakir Generator","description":"Diesel and Gasoline Generator Prices and Types","potentialAction":[{"@type":"SearchAction","target":{"@type":"EntryPoint","urlTemplate":"https:\/\/diyarbakirjenerator.com\/?s={search_term_string}"},"query-input":{"@type":"PropertyValueSpecification","valueRequired":true,"valueName":"search_term_string"}}],"inLanguage":"en-US"}]}},"_links":{"self":[{"href":"https:\/\/diyarbakirjenerator.com\/en\/wp-json\/wp\/v2\/pages\/152","targetHints":{"allow":["GET"]}}],"collection":[{"href":"https:\/\/diyarbakirjenerator.com\/en\/wp-json\/wp\/v2\/pages"}],"about":[{"href":"https:\/\/diyarbakirjenerator.com\/en\/wp-json\/wp\/v2\/types\/page"}],"author":[{"embeddable":true,"href":"https:\/\/diyarbakirjenerator.com\/en\/wp-json\/wp\/v2\/users\/1"}],"replies":[{"embeddable":true,"href":"https:\/\/diyarbakirjenerator.com\/en\/wp-json\/wp\/v2\/comments?post=152"}],"version-history":[{"count":25,"href":"https:\/\/diyarbakirjenerator.com\/en\/wp-json\/wp\/v2\/pages\/152\/revisions"}],"predecessor-version":[{"id":1491,"href":"https:\/\/diyarbakirjenerator.com\/en\/wp-json\/wp\/v2\/pages\/152\/revisions\/1491"}],"wp:attachment":[{"href":"https:\/\/diyarbakirjenerator.com\/en\/wp-json\/wp\/v2\/media?parent=152"}],"curies":[{"name":"wp","href":"https:\/\/api.w.org\/{rel}","templated":true}]}}