{"id":61,"date":"2024-01-08T09:36:48","date_gmt":"2024-01-08T09:36:48","guid":{"rendered":"http:\/\/diyarbakirjenerator.com\/?page_id=61"},"modified":"2025-08-27T11:11:09","modified_gmt":"2025-08-27T08:11:09","slug":"hizmetlerimiz","status":"publish","type":"page","link":"https:\/\/diyarbakirjenerator.com\/en\/hizmetlerimiz\/","title":{"rendered":"Our Services"},"content":{"rendered":"<div data-elementor-type=\"wp-page\" data-elementor-id=\"61\" class=\"elementor elementor-61\">\n\t\t\t\t\t\t<section class=\"elementor-section elementor-top-section elementor-element elementor-element-2dc29da elementor-section-boxed elementor-section-height-default elementor-section-height-default\" data-id=\"2dc29da\" data-element_type=\"section\" data-settings=\"{&quot;background_background&quot;:&quot;classic&quot;}\">\n\t\t\t\t\t\t\t<div class=\"elementor-background-overlay\"><\/div>\n\t\t\t\t\t\t\t<div class=\"elementor-container elementor-column-gap-default\">\n\t\t\t\t\t<div class=\"elementor-column elementor-col-100 elementor-top-column elementor-element elementor-element-31ab030\" data-id=\"31ab030\" data-element_type=\"column\">\n\t\t\t<div class=\"elementor-widget-wrap elementor-element-populated\">\n\t\t\t\t\t\t<div class=\"elementor-element elementor-element-61a3ccf rivax-align-center elementor-widget rivax-divider-heading-widget\" data-id=\"61a3ccf\" data-element_type=\"widget\" data-widget_type=\"rivax-divider-heading.default\">\n\t\t\t\t<div class=\"elementor-widget-container\">\n\t\t\t\t\t<div class=\"rivax-divider-heading-wrap\">\r\n    <div class=\"rivax-divider-heading divider-style-12\">\r\n        <div class=\"divider divider-1\"><\/div>\r\n        <div class=\"divider divider-2\"><\/div>\r\n        <h2 class=\"title\">\r\n                <span class=\"title-inner\">\r\n            <span class=\"title-text\">\r\n                                OUR SERVICES            <\/span>\r\n                    <\/span>\r\n            <\/h2>\r\n    <div class=\"divider divider-3\"><\/div>\r\n    <div class=\"divider divider-4\"><\/div>\r\n<\/div>\r\n<\/div>\r\n\r\n\t\t\t\t<\/div>\n\t\t\t\t<\/div>\n\t\t\t\t<div class=\"elementor-element elementor-element-5b0b861 elementor-widget elementor-widget-heading\" data-id=\"5b0b861\" data-element_type=\"widget\" data-widget_type=\"heading.default\">\n\t\t\t\t<div class=\"elementor-widget-container\">\n\t\t\t\t\t<h2 class=\"elementor-heading-title elementor-size-default\">Home &gt; <strong style=\"color:#039240\">Our Services<\/strong><\/h2>\t\t\t\t<\/div>\n\t\t\t\t<\/div>\n\t\t\t\t\t<\/div>\n\t\t<\/div>\n\t\t\t\t\t<\/div>\n\t\t<\/section>\n\t\t<div class=\"elementor-element elementor-element-adef01e e-flex e-con-boxed e-con e-parent\" data-id=\"adef01e\" data-element_type=\"container\">\n\t\t\t\t\t<div class=\"e-con-inner\">\n\t\t<div class=\"elementor-element elementor-element-6335fa6 e-con-full e-flex e-con e-child\" data-id=\"6335fa6\" data-element_type=\"container\">\n\t\t<div class=\"elementor-element elementor-element-e1f8d02 e-con-full e-flex e-con e-child\" data-id=\"e1f8d02\" data-element_type=\"container\">\n\t\t<div class=\"elementor-element elementor-element-1b7ec2d e-con-full e-flex e-con e-child\" data-id=\"1b7ec2d\" data-element_type=\"container\" data-settings=\"{&quot;background_background&quot;:&quot;classic&quot;}\">\n\t\t\t\t<div class=\"elementor-element elementor-element-42a2237 elementor-widget elementor-widget-heading\" data-id=\"42a2237\" data-element_type=\"widget\" data-widget_type=\"heading.default\">\n\t\t\t\t<div class=\"elementor-widget-container\">\n\t\t\t\t\t<h2 class=\"elementor-heading-title elementor-size-default\">Generator Rental<\/h2>\t\t\t\t<\/div>\n\t\t\t\t<\/div>\n\t\t\t\t<div class=\"elementor-element elementor-element-944fe19 elementor-widget elementor-widget-text-editor\" data-id=\"944fe19\" data-element_type=\"widget\" data-widget_type=\"text-editor.default\">\n\t\t\t\t<div class=\"elementor-widget-container\">\n\t\t\t\t\t\t\t\t\t<p class=\"font_8 wixui-rich-text__text\">In recent years, frequent power outages have increased the need for generators, and since buying a new one is not always affordable, G\u00fc\u00e7bir Generator offers 20\u2013500 kWA gasoline or diesel generators for short- or long-term rental, installed by experts with 24\/7 technical support.<\/p>\t\t\t\t\t\t\t\t<\/div>\n\t\t\t\t<\/div>\n\t\t\t\t<div class=\"elementor-element elementor-element-057edba elementor-align-left elementor-tablet-align-justify elementor-widget elementor-widget-button\" data-id=\"057edba\" data-element_type=\"widget\" data-widget_type=\"button.default\">\n\t\t\t\t<div class=\"elementor-widget-container\">\n\t\t\t\t\t\t\t\t\t<div class=\"elementor-button-wrapper\">\n\t\t\t\t\t<a class=\"elementor-button elementor-button-link elementor-size-sm\" href=\"\/en\/jenerator-kiralama\/\">\n\t\t\t\t\t\t<span class=\"elementor-button-content-wrapper\">\n\t\t\t\t\t\t\t\t\t<span class=\"elementor-button-text\">View Details<\/span>\n\t\t\t\t\t<\/span>\n\t\t\t\t\t<\/a>\n\t\t\t\t<\/div>\n\t\t\t\t\t\t\t\t<\/div>\n\t\t\t\t<\/div>\n\t\t\t\t<\/div>\n\t\t<div class=\"elementor-element elementor-element-ab6ede7 e-con-full e-flex e-con e-child\" data-id=\"ab6ede7\" data-element_type=\"container\">\n\t\t\t\t<div class=\"elementor-element elementor-element-7beb6ba elementor-widget elementor-widget-image\" data-id=\"7beb6ba\" data-element_type=\"widget\" data-widget_type=\"image.default\">\n\t\t\t\t<div class=\"elementor-widget-container\">\n\t\t\t\t\t\t\t\t\t\t\t\t\t\t\t<img fetchpriority=\"high\" decoding=\"async\" width=\"800\" height=\"600\" src=\"https:\/\/diyarbakirjenerator.com\/wp-content\/uploads\/2025\/08\/servi-1.webp\" class=\"attachment-large size-large wp-image-1428\" alt=\"\" srcset=\"https:\/\/diyarbakirjenerator.com\/wp-content\/uploads\/2025\/08\/servi-1.webp 800w, https:\/\/diyarbakirjenerator.com\/wp-content\/uploads\/2025\/08\/servi-1-300x225.webp 300w, https:\/\/diyarbakirjenerator.com\/wp-content\/uploads\/2025\/08\/servi-1-768x576.webp 768w, https:\/\/diyarbakirjenerator.com\/wp-content\/uploads\/2025\/08\/servi-1-16x12.webp 16w, https:\/\/diyarbakirjenerator.com\/wp-content\/uploads\/2025\/08\/servi-1-400x300.webp 400w, https:\/\/diyarbakirjenerator.com\/wp-content\/uploads\/2025\/08\/servi-1-700x525.webp 700w, https:\/\/diyarbakirjenerator.com\/wp-content\/uploads\/2025\/08\/servi-1-600x450.webp 600w\" sizes=\"(max-width: 800px) 100vw, 800px\" \/>\t\t\t\t\t\t\t\t\t\t\t\t\t\t\t<\/div>\n\t\t\t\t<\/div>\n\t\t\t\t<\/div>\n\t\t\t\t<\/div>\n\t\t<div class=\"elementor-element elementor-element-05d005a e-con-full e-flex e-con e-child\" data-id=\"05d005a\" data-element_type=\"container\">\n\t\t<div class=\"elementor-element elementor-element-a3cd37b e-con-full e-flex e-con e-child\" data-id=\"a3cd37b\" data-element_type=\"container\" data-settings=\"{&quot;background_background&quot;:&quot;classic&quot;}\">\n\t\t\t\t<div class=\"elementor-element elementor-element-e179348 elementor-widget elementor-widget-heading\" data-id=\"e179348\" data-element_type=\"widget\" data-widget_type=\"heading.default\">\n\t\t\t\t<div class=\"elementor-widget-container\">\n\t\t\t\t\t<h2 class=\"elementor-heading-title elementor-size-default\">Power and Location<\/h2>\t\t\t\t<\/div>\n\t\t\t\t<\/div>\n\t\t\t\t<div class=\"elementor-element elementor-element-435de20 elementor-widget elementor-widget-text-editor\" data-id=\"435de20\" data-element_type=\"widget\" data-widget_type=\"text-editor.default\">\n\t\t\t\t<div class=\"elementor-widget-container\">\n\t\t\t\t\t\t\t\t\t<p class=\"font_8 wixui-rich-text__text\">Before purchasing a generator, our expert team conducts a power and location assessment to ensure the best choice. Factors such as airflow, noise, vibration, crane and cable costs are analyzed with the user, while motor loads, UPS, and compensation are measured to calculate actual demand, enabling us to deliver turnkey solutions tailored to customer needs.<\/p>\t\t\t\t\t\t\t\t<\/div>\n\t\t\t\t<\/div>\n\t\t\t\t<div class=\"elementor-element elementor-element-42968dc elementor-align-left elementor-tablet-align-justify elementor-widget elementor-widget-button\" data-id=\"42968dc\" data-element_type=\"widget\" data-widget_type=\"button.default\">\n\t\t\t\t<div class=\"elementor-widget-container\">\n\t\t\t\t\t\t\t\t\t<div class=\"elementor-button-wrapper\">\n\t\t\t\t\t<a class=\"elementor-button elementor-button-link elementor-size-sm\" href=\"\/en\/guc-ve-yer-tespiti\/\">\n\t\t\t\t\t\t<span class=\"elementor-button-content-wrapper\">\n\t\t\t\t\t\t\t\t\t<span class=\"elementor-button-text\">View Details<\/span>\n\t\t\t\t\t<\/span>\n\t\t\t\t\t<\/a>\n\t\t\t\t<\/div>\n\t\t\t\t\t\t\t\t<\/div>\n\t\t\t\t<\/div>\n\t\t\t\t<\/div>\n\t\t<div class=\"elementor-element elementor-element-bf93f97 e-con-full e-flex e-con e-child\" data-id=\"bf93f97\" data-element_type=\"container\">\n\t\t\t\t<div class=\"elementor-element elementor-element-76f22d1 elementor-widget elementor-widget-image\" data-id=\"76f22d1\" data-element_type=\"widget\" data-widget_type=\"image.default\">\n\t\t\t\t<div class=\"elementor-widget-container\">\n\t\t\t\t\t\t\t\t\t\t\t\t\t\t\t<img decoding=\"async\" width=\"800\" height=\"600\" src=\"https:\/\/diyarbakirjenerator.com\/wp-content\/uploads\/2025\/08\/servi-2.webp\" class=\"attachment-large size-large wp-image-1429\" alt=\"\" srcset=\"https:\/\/diyarbakirjenerator.com\/wp-content\/uploads\/2025\/08\/servi-2.webp 800w, https:\/\/diyarbakirjenerator.com\/wp-content\/uploads\/2025\/08\/servi-2-300x225.webp 300w, https:\/\/diyarbakirjenerator.com\/wp-content\/uploads\/2025\/08\/servi-2-768x576.webp 768w, https:\/\/diyarbakirjenerator.com\/wp-content\/uploads\/2025\/08\/servi-2-16x12.webp 16w, https:\/\/diyarbakirjenerator.com\/wp-content\/uploads\/2025\/08\/servi-2-400x300.webp 400w, https:\/\/diyarbakirjenerator.com\/wp-content\/uploads\/2025\/08\/servi-2-700x525.webp 700w, https:\/\/diyarbakirjenerator.com\/wp-content\/uploads\/2025\/08\/servi-2-600x450.webp 600w\" sizes=\"(max-width: 800px) 100vw, 800px\" \/>\t\t\t\t\t\t\t\t\t\t\t\t\t\t\t<\/div>\n\t\t\t\t<\/div>\n\t\t\t\t<\/div>\n\t\t\t\t<\/div>\n\t\t<div class=\"elementor-element elementor-element-1a54f5a e-con-full e-flex e-con e-child\" data-id=\"1a54f5a\" data-element_type=\"container\">\n\t\t<div class=\"elementor-element elementor-element-fba7ab2 e-con-full e-flex e-con e-child\" data-id=\"fba7ab2\" data-element_type=\"container\" data-settings=\"{&quot;background_background&quot;:&quot;classic&quot;}\">\n\t\t\t\t<div class=\"elementor-element elementor-element-c35b484 elementor-widget elementor-widget-heading\" data-id=\"c35b484\" data-element_type=\"widget\" data-widget_type=\"heading.default\">\n\t\t\t\t<div class=\"elementor-widget-container\">\n\t\t\t\t\t<h2 class=\"elementor-heading-title elementor-size-default\">Periodic Maintenance and Spare Parts<\/h2>\t\t\t\t<\/div>\n\t\t\t\t<\/div>\n\t\t\t\t<div class=\"elementor-element elementor-element-7125bc9 elementor-widget elementor-widget-text-editor\" data-id=\"7125bc9\" data-element_type=\"widget\" data-widget_type=\"text-editor.default\">\n\t\t\t\t<div class=\"elementor-widget-container\">\n\t\t\t\t\t\t\t\t\t<p class=\"font_8 wixui-rich-text__text\">Jenerat\u00f6rlerinizin kesintisiz ve verimli \u00e7al\u0131\u015fmas\u0131 i\u00e7in ayl\u0131k periyodik bak\u0131m anla\u015fmas\u0131 \u00f6neriyoruz; bu sayede ar\u0131zalar \u00f6nceden tespit edilir, servis \u00fccretsiz sa\u011flan\u0131r ve yedek par\u00e7alarda %10 indirim uygulan\u0131r. Ayr\u0131ca Ricardo, Volvo, Perkins, Iveco gibi motorlar\u0131n yan\u0131 s\u0131ra alternat\u00f6r, kontrol panosu, \u015fase ve kabin gibi orijinal yedek par\u00e7alarla uzun \u00f6m\u00fcrl\u00fc ve g\u00fcvenli kullan\u0131m garanti edilir.<\/p>\t\t\t\t\t\t\t\t<\/div>\n\t\t\t\t<\/div>\n\t\t\t\t<div class=\"elementor-element elementor-element-e00742a elementor-align-left elementor-tablet-align-justify elementor-widget elementor-widget-button\" data-id=\"e00742a\" data-element_type=\"widget\" data-widget_type=\"button.default\">\n\t\t\t\t<div class=\"elementor-widget-container\">\n\t\t\t\t\t\t\t\t\t<div class=\"elementor-button-wrapper\">\n\t\t\t\t\t<a class=\"elementor-button elementor-button-link elementor-size-sm\" href=\"\/en\/periyodik-bakim-ve-yedek-parca\/\">\n\t\t\t\t\t\t<span class=\"elementor-button-content-wrapper\">\n\t\t\t\t\t\t\t\t\t<span class=\"elementor-button-text\">View Details<\/span>\n\t\t\t\t\t<\/span>\n\t\t\t\t\t<\/a>\n\t\t\t\t<\/div>\n\t\t\t\t\t\t\t\t<\/div>\n\t\t\t\t<\/div>\n\t\t\t\t<\/div>\n\t\t<div class=\"elementor-element elementor-element-44bb55a e-con-full e-flex e-con e-child\" data-id=\"44bb55a\" data-element_type=\"container\">\n\t\t\t\t<div class=\"elementor-element elementor-element-75f7f3a elementor-widget elementor-widget-image\" data-id=\"75f7f3a\" data-element_type=\"widget\" data-widget_type=\"image.default\">\n\t\t\t\t<div class=\"elementor-widget-container\">\n\t\t\t\t\t\t\t\t\t\t\t\t\t\t\t<img decoding=\"async\" width=\"800\" height=\"600\" src=\"https:\/\/diyarbakirjenerator.com\/wp-content\/uploads\/2025\/08\/servi-3.webp\" class=\"attachment-large size-large wp-image-1430\" alt=\"\" srcset=\"https:\/\/diyarbakirjenerator.com\/wp-content\/uploads\/2025\/08\/servi-3.webp 800w, https:\/\/diyarbakirjenerator.com\/wp-content\/uploads\/2025\/08\/servi-3-300x225.webp 300w, https:\/\/diyarbakirjenerator.com\/wp-content\/uploads\/2025\/08\/servi-3-768x576.webp 768w, https:\/\/diyarbakirjenerator.com\/wp-content\/uploads\/2025\/08\/servi-3-16x12.webp 16w, https:\/\/diyarbakirjenerator.com\/wp-content\/uploads\/2025\/08\/servi-3-400x300.webp 400w, https:\/\/diyarbakirjenerator.com\/wp-content\/uploads\/2025\/08\/servi-3-700x525.webp 700w, https:\/\/diyarbakirjenerator.com\/wp-content\/uploads\/2025\/08\/servi-3-600x450.webp 600w\" sizes=\"(max-width: 800px) 100vw, 800px\" \/>\t\t\t\t\t\t\t\t\t\t\t\t\t\t\t<\/div>\n\t\t\t\t<\/div>\n\t\t\t\t<\/div>\n\t\t\t\t<\/div>\n\t\t<div class=\"elementor-element elementor-element-e95eb9b e-con-full e-flex e-con e-child\" data-id=\"e95eb9b\" data-element_type=\"container\">\n\t\t<div class=\"elementor-element elementor-element-453afdb e-con-full e-flex e-con e-child\" data-id=\"453afdb\" data-element_type=\"container\" data-settings=\"{&quot;background_background&quot;:&quot;classic&quot;}\">\n\t\t\t\t<div class=\"elementor-element elementor-element-090fbb4 elementor-widget elementor-widget-heading\" data-id=\"090fbb4\" data-element_type=\"widget\" data-widget_type=\"heading.default\">\n\t\t\t\t<div class=\"elementor-widget-container\">\n\t\t\t\t\t<h2 class=\"elementor-heading-title elementor-size-default\">Generator Assembly<\/h2>\t\t\t\t<\/div>\n\t\t\t\t<\/div>\n\t\t\t\t<div class=\"elementor-element elementor-element-fa977f6 elementor-widget elementor-widget-text-editor\" data-id=\"fa977f6\" data-element_type=\"widget\" data-widget_type=\"text-editor.default\">\n\t\t\t\t<div class=\"elementor-widget-container\">\n\t\t\t\t\t\t\t\t\t<p class=\"font_8 wixui-rich-text__text\">For efficient and trouble-free operation, generator installation and commissioning must be done by our expert teams. Unauthorized installations void the warranty, while G\u00fc\u00e7bir Generator authorized service provides free first start-up, function, and usage tests, ensuring your device is ready for safe, long-lasting, and maximum performance.<\/p>\t\t\t\t\t\t\t\t<\/div>\n\t\t\t\t<\/div>\n\t\t\t\t<div class=\"elementor-element elementor-element-3199d18 elementor-align-left elementor-tablet-align-justify elementor-widget elementor-widget-button\" data-id=\"3199d18\" data-element_type=\"widget\" data-widget_type=\"button.default\">\n\t\t\t\t<div class=\"elementor-widget-container\">\n\t\t\t\t\t\t\t\t\t<div class=\"elementor-button-wrapper\">\n\t\t\t\t\t<a class=\"elementor-button elementor-button-link elementor-size-sm\" href=\"\/en\/jenerator-montaj\/\">\n\t\t\t\t\t\t<span class=\"elementor-button-content-wrapper\">\n\t\t\t\t\t\t\t\t\t<span class=\"elementor-button-text\">View Details<\/span>\n\t\t\t\t\t<\/span>\n\t\t\t\t\t<\/a>\n\t\t\t\t<\/div>\n\t\t\t\t\t\t\t\t<\/div>\n\t\t\t\t<\/div>\n\t\t\t\t<\/div>\n\t\t<div class=\"elementor-element elementor-element-c45eda1 e-con-full e-flex e-con e-child\" data-id=\"c45eda1\" data-element_type=\"container\">\n\t\t\t\t<div class=\"elementor-element elementor-element-6751452 elementor-widget elementor-widget-image\" data-id=\"6751452\" data-element_type=\"widget\" data-widget_type=\"image.default\">\n\t\t\t\t<div class=\"elementor-widget-container\">\n\t\t\t\t\t\t\t\t\t\t\t\t\t\t\t<img loading=\"lazy\" decoding=\"async\" width=\"800\" height=\"600\" src=\"https:\/\/diyarbakirjenerator.com\/wp-content\/uploads\/2025\/08\/servi-4.webp\" class=\"attachment-large size-large wp-image-1431\" alt=\"\" srcset=\"https:\/\/diyarbakirjenerator.com\/wp-content\/uploads\/2025\/08\/servi-4.webp 800w, https:\/\/diyarbakirjenerator.com\/wp-content\/uploads\/2025\/08\/servi-4-300x225.webp 300w, https:\/\/diyarbakirjenerator.com\/wp-content\/uploads\/2025\/08\/servi-4-768x576.webp 768w, https:\/\/diyarbakirjenerator.com\/wp-content\/uploads\/2025\/08\/servi-4-16x12.webp 16w, https:\/\/diyarbakirjenerator.com\/wp-content\/uploads\/2025\/08\/servi-4-400x300.webp 400w, https:\/\/diyarbakirjenerator.com\/wp-content\/uploads\/2025\/08\/servi-4-700x525.webp 700w, https:\/\/diyarbakirjenerator.com\/wp-content\/uploads\/2025\/08\/servi-4-600x450.webp 600w\" sizes=\"(max-width: 800px) 100vw, 800px\" \/>\t\t\t\t\t\t\t\t\t\t\t\t\t\t\t<\/div>\n\t\t\t\t<\/div>\n\t\t\t\t<\/div>\n\t\t\t\t<\/div>\n\t\t\t\t<\/div>\n\t\t\t\t\t<\/div>\n\t\t\t\t<\/div>\n\t\t\t\t<\/div>","protected":false},"excerpt":{"rendered":"<p>H\u0130ZMETLER\u0130M\u0130Z Ana Sayfa &gt; Hizmetlerimiz Jenerat\u00f6r Kiralama Son y\u0131llarda artan elektrik kesintileri nedeniyle jenerat\u00f6r kullan\u0131m\u0131 yayg\u0131nla\u015fm\u0131\u015f, ancak yeni jenerat\u00f6r sat\u0131n almak her b\u00fct\u00e7eye uygun olmad\u0131\u011f\u0131ndan G\u00fc\u00e7bir Jenerat\u00f6r, 20\u2013500 kWA aras\u0131 benzinli veya dizel jenerat\u00f6rleri k\u0131sa ya da uzun s\u00fcreli kiralama imk\u00e2n\u0131 sunmaktad\u0131r. Kabinli, kabinsiz veya ara\u00e7 \u00fcst\u00fc se\u00e7enekleri bulunan jenerat\u00f6rler, deneyimli ekip taraf\u0131ndan kurulmakta, kullan\u0131m [&hellip;]<\/p>","protected":false},"author":1,"featured_media":0,"parent":0,"menu_order":0,"comment_status":"closed","ping_status":"closed","template":"elementor_header_footer","meta":{"_themeisle_gutenberg_block_has_review":false,"footnotes":""},"class_list":["post-61","page","type-page","status-publish","hentry"],"yoast_head":"<!-- This site is optimized with the Yoast SEO plugin v25.8 - https:\/\/yoast.com\/wordpress\/plugins\/seo\/ -->\n<title>Hizmetlerimiz - Diyarbak\u0131r Jenerat&ouml;r<\/title>\n<meta name=\"description\" content=\"Dizel Jenerat\u00f6r, Portatif Benzinli ve Dizel Jenerat\u00f6r, \u0130kinci El Jenerat\u00f6r, I\u015f\u0131kl\u0131 Jenerat\u00f6r, R\u00f6morklu Jenerat\u00f6r Senkronizasyon Panolar\u0131\" \/>\n<meta name=\"robots\" content=\"index, follow, max-snippet:-1, max-image-preview:large, max-video-preview:-1\" \/>\n<link rel=\"canonical\" href=\"https:\/\/diyarbakirjenerator.com\/en\/hizmetlerimiz\/\" \/>\n<meta property=\"og:locale\" content=\"en_US\" \/>\n<meta property=\"og:type\" content=\"article\" \/>\n<meta property=\"og:title\" content=\"Hizmetlerimiz - Diyarbak\u0131r Jenerat&ouml;r\" \/>\n<meta property=\"og:description\" content=\"Dizel Jenerat\u00f6r, Portatif Benzinli ve Dizel Jenerat\u00f6r, \u0130kinci El Jenerat\u00f6r, I\u015f\u0131kl\u0131 Jenerat\u00f6r, R\u00f6morklu Jenerat\u00f6r Senkronizasyon Panolar\u0131\" \/>\n<meta property=\"og:url\" content=\"https:\/\/diyarbakirjenerator.com\/en\/hizmetlerimiz\/\" \/>\n<meta property=\"og:site_name\" content=\"Diyarbak\u0131r Jenerat&ouml;r\" \/>\n<meta property=\"article:modified_time\" content=\"2025-08-27T08:11:09+00:00\" \/>\n<meta property=\"og:image\" content=\"http:\/\/diyarbakirjenerator.com\/wp-content\/uploads\/2025\/08\/servi-1.webp\" \/>\n<meta name=\"twitter:card\" content=\"summary_large_image\" \/>\n<meta name=\"twitter:label1\" content=\"Est. reading time\" \/>\n\t<meta name=\"twitter:data1\" content=\"3 minutes\" \/>\n<script type=\"application\/ld+json\" class=\"yoast-schema-graph\">{\"@context\":\"https:\/\/schema.org\",\"@graph\":[{\"@type\":\"WebPage\",\"@id\":\"https:\/\/diyarbakirjenerator.com\/hizmetlerimiz\/\",\"url\":\"https:\/\/diyarbakirjenerator.com\/hizmetlerimiz\/\",\"name\":\"Hizmetlerimiz - Diyarbak\u0131r Jenerat&ouml;r\",\"isPartOf\":{\"@id\":\"https:\/\/diyarbakirjenerator.com\/#website\"},\"primaryImageOfPage\":{\"@id\":\"https:\/\/diyarbakirjenerator.com\/hizmetlerimiz\/#primaryimage\"},\"image\":{\"@id\":\"https:\/\/diyarbakirjenerator.com\/hizmetlerimiz\/#primaryimage\"},\"thumbnailUrl\":\"http:\/\/diyarbakirjenerator.com\/wp-content\/uploads\/2025\/08\/servi-1.webp\",\"datePublished\":\"2024-01-08T09:36:48+00:00\",\"dateModified\":\"2025-08-27T08:11:09+00:00\",\"description\":\"Dizel Jenerat\u00f6r, Portatif Benzinli ve Dizel Jenerat\u00f6r, \u0130kinci El Jenerat\u00f6r, I\u015f\u0131kl\u0131 Jenerat\u00f6r, R\u00f6morklu Jenerat\u00f6r Senkronizasyon Panolar\u0131\",\"breadcrumb\":{\"@id\":\"https:\/\/diyarbakirjenerator.com\/hizmetlerimiz\/#breadcrumb\"},\"inLanguage\":\"en-US\",\"potentialAction\":[{\"@type\":\"ReadAction\",\"target\":[\"https:\/\/diyarbakirjenerator.com\/hizmetlerimiz\/\"]}]},{\"@type\":\"ImageObject\",\"inLanguage\":\"en-US\",\"@id\":\"https:\/\/diyarbakirjenerator.com\/hizmetlerimiz\/#primaryimage\",\"url\":\"http:\/\/diyarbakirjenerator.com\/wp-content\/uploads\/2025\/08\/servi-1.webp\",\"contentUrl\":\"http:\/\/diyarbakirjenerator.com\/wp-content\/uploads\/2025\/08\/servi-1.webp\"},{\"@type\":\"BreadcrumbList\",\"@id\":\"https:\/\/diyarbakirjenerator.com\/hizmetlerimiz\/#breadcrumb\",\"itemListElement\":[{\"@type\":\"ListItem\",\"position\":1,\"name\":\"Anasayfa\",\"item\":\"https:\/\/diyarbakirjenerator.com\/\"},{\"@type\":\"ListItem\",\"position\":2,\"name\":\"Hizmetlerimiz\"}]},{\"@type\":\"WebSite\",\"@id\":\"https:\/\/diyarbakirjenerator.com\/#website\",\"url\":\"https:\/\/diyarbakirjenerator.com\/\",\"name\":\"Diyarbak\u0131r Jenerat&ouml;r\",\"description\":\"Dizel ve Benzinli Jenerat&ouml;r Fiyat ve &Ccedil;e\u015fitleri\",\"potentialAction\":[{\"@type\":\"SearchAction\",\"target\":{\"@type\":\"EntryPoint\",\"urlTemplate\":\"https:\/\/diyarbakirjenerator.com\/?s={search_term_string}\"},\"query-input\":{\"@type\":\"PropertyValueSpecification\",\"valueRequired\":true,\"valueName\":\"search_term_string\"}}],\"inLanguage\":\"en-US\"}]}<\/script>\n<!-- \/ Yoast SEO plugin. -->","yoast_head_json":{"title":"Hizmetlerimiz - Diyarbak\u0131r Jenerat&ouml;r","description":"Diesel Generator, Portable Gasoline and Diesel Generator, Second Hand Generator, Lighted Generator, Trailer Generator Synchronization Panels","robots":{"index":"index","follow":"follow","max-snippet":"max-snippet:-1","max-image-preview":"max-image-preview:large","max-video-preview":"max-video-preview:-1"},"canonical":"https:\/\/diyarbakirjenerator.com\/en\/hizmetlerimiz\/","og_locale":"en_US","og_type":"article","og_title":"Hizmetlerimiz - Diyarbak\u0131r Jenerat&ouml;r","og_description":"Dizel Jenerat\u00f6r, Portatif Benzinli ve Dizel Jenerat\u00f6r, \u0130kinci El Jenerat\u00f6r, I\u015f\u0131kl\u0131 Jenerat\u00f6r, R\u00f6morklu Jenerat\u00f6r Senkronizasyon Panolar\u0131","og_url":"https:\/\/diyarbakirjenerator.com\/en\/hizmetlerimiz\/","og_site_name":"Diyarbak\u0131r Jenerat&ouml;r","article_modified_time":"2025-08-27T08:11:09+00:00","og_image":[{"url":"http:\/\/diyarbakirjenerator.com\/wp-content\/uploads\/2025\/08\/servi-1.webp","type":"","width":"","height":""}],"twitter_card":"summary_large_image","twitter_misc":{"Est. reading time":"3 minutes"},"schema":{"@context":"https:\/\/schema.org","@graph":[{"@type":"WebPage","@id":"https:\/\/diyarbakirjenerator.com\/hizmetlerimiz\/","url":"https:\/\/diyarbakirjenerator.com\/hizmetlerimiz\/","name":"Hizmetlerimiz - Diyarbak\u0131r Jenerat&ouml;r","isPartOf":{"@id":"https:\/\/diyarbakirjenerator.com\/#website"},"primaryImageOfPage":{"@id":"https:\/\/diyarbakirjenerator.com\/hizmetlerimiz\/#primaryimage"},"image":{"@id":"https:\/\/diyarbakirjenerator.com\/hizmetlerimiz\/#primaryimage"},"thumbnailUrl":"http:\/\/diyarbakirjenerator.com\/wp-content\/uploads\/2025\/08\/servi-1.webp","datePublished":"2024-01-08T09:36:48+00:00","dateModified":"2025-08-27T08:11:09+00:00","description":"Diesel Generator, Portable Gasoline and Diesel Generator, Second Hand Generator, Lighted Generator, Trailer Generator Synchronization Panels","breadcrumb":{"@id":"https:\/\/diyarbakirjenerator.com\/hizmetlerimiz\/#breadcrumb"},"inLanguage":"en-US","potentialAction":[{"@type":"ReadAction","target":["https:\/\/diyarbakirjenerator.com\/hizmetlerimiz\/"]}]},{"@type":"ImageObject","inLanguage":"en-US","@id":"https:\/\/diyarbakirjenerator.com\/hizmetlerimiz\/#primaryimage","url":"http:\/\/diyarbakirjenerator.com\/wp-content\/uploads\/2025\/08\/servi-1.webp","contentUrl":"http:\/\/diyarbakirjenerator.com\/wp-content\/uploads\/2025\/08\/servi-1.webp"},{"@type":"BreadcrumbList","@id":"https:\/\/diyarbakirjenerator.com\/hizmetlerimiz\/#breadcrumb","itemListElement":[{"@type":"ListItem","position":1,"name":"Anasayfa","item":"https:\/\/diyarbakirjenerator.com\/"},{"@type":"ListItem","position":2,"name":"Hizmetlerimiz"}]},{"@type":"WebSite","@id":"https:\/\/diyarbakirjenerator.com\/#website","url":"https:\/\/diyarbakirjenerator.com\/","name":"Diyarbakir Generator","description":"Diesel and Gasoline Generator Prices and Types","potentialAction":[{"@type":"SearchAction","target":{"@type":"EntryPoint","urlTemplate":"https:\/\/diyarbakirjenerator.com\/?s={search_term_string}"},"query-input":{"@type":"PropertyValueSpecification","valueRequired":true,"valueName":"search_term_string"}}],"inLanguage":"en-US"}]}},"_links":{"self":[{"href":"https:\/\/diyarbakirjenerator.com\/en\/wp-json\/wp\/v2\/pages\/61","targetHints":{"allow":["GET"]}}],"collection":[{"href":"https:\/\/diyarbakirjenerator.com\/en\/wp-json\/wp\/v2\/pages"}],"about":[{"href":"https:\/\/diyarbakirjenerator.com\/en\/wp-json\/wp\/v2\/types\/page"}],"author":[{"embeddable":true,"href":"https:\/\/diyarbakirjenerator.com\/en\/wp-json\/wp\/v2\/users\/1"}],"replies":[{"embeddable":true,"href":"https:\/\/diyarbakirjenerator.com\/en\/wp-json\/wp\/v2\/comments?post=61"}],"version-history":[{"count":37,"href":"https:\/\/diyarbakirjenerator.com\/en\/wp-json\/wp\/v2\/pages\/61\/revisions"}],"predecessor-version":[{"id":1466,"href":"https:\/\/diyarbakirjenerator.com\/en\/wp-json\/wp\/v2\/pages\/61\/revisions\/1466"}],"wp:attachment":[{"href":"https:\/\/diyarbakirjenerator.com\/en\/wp-json\/wp\/v2\/media?parent=61"}],"curies":[{"name":"wp","href":"https:\/\/api.w.org\/{rel}","templated":true}]}}